{"id":1817,"date":"2025-06-03T12:10:34","date_gmt":"2025-06-03T10:10:34","guid":{"rendered":"https:\/\/medmos.eu\/?page_id=1817"},"modified":"2026-01-27T17:05:47","modified_gmt":"2026-01-27T16:05:47","slug":"acerca-de-sst","status":"publish","type":"page","link":"https:\/\/medmos.eu\/es\/sst\/acerca-de-sst\/","title":{"rendered":"Acerca de SST"},"content":{"rendered":"\t\t<div data-elementor-type=\"wp-page\" data-elementor-id=\"1817\" class=\"elementor elementor-1817\" data-elementor-post-type=\"page\">\n\t\t\t\t<div class=\"elementor-element elementor-element-45d677d e-flex e-con-boxed e-con e-parent\" data-id=\"45d677d\" data-element_type=\"container\" data-e-type=\"container\">\n\t\t\t\t\t<div class=\"e-con-inner\">\n\t\t\t\t<div class=\"elementor-element elementor-element-d105984 exad-sticky-section-no exad-glass-effect-no elementor-widget elementor-widget-heading\" data-id=\"d105984\" data-element_type=\"widget\" data-e-type=\"widget\" data-widget_type=\"heading.default\">\n\t\t\t\t<div class=\"elementor-widget-container\">\n\t\t\t\t\t<h1 class=\"elementor-heading-title elementor-size-default\">Sobre la temperatura de la superficie del mar<\/h1>\t\t\t\t<\/div>\n\t\t\t\t<\/div>\n\t\t\t\t<div class=\"elementor-element elementor-element-a588fea exad-sticky-section-no exad-glass-effect-no elementor-widget elementor-widget-text-editor\" data-id=\"a588fea\" data-element_type=\"widget\" data-e-type=\"widget\" data-widget_type=\"text-editor.default\">\n\t\t\t\t<div class=\"elementor-widget-container\">\n\t\t\t\t\t\t\t\t\t<p>La temperatura superficial del mar (SST) es una de las variables clim\u00e1ticas esenciales (VCE) definidas por el Sistema Mundial de Observaci\u00f3n del Clima (SMOC) para monitorear y caracterizar el estado del sistema clim\u00e1tico global. La SST es un indicador del flujo de calor en la interfaz aire-mar y puede utilizarse para identificar caracter\u00edsticas oce\u00e1nicas como frentes y zonas de surgencia. Tambi\u00e9n es una variable esencial para la predicci\u00f3n oce\u00e1nica y meteorol\u00f3gica.<\/p><p>A medida que la SST aumenta, influye en los patrones meteorol\u00f3gicos y clim\u00e1ticos desde la escala local hasta la global. El monitoreo y el an\u00e1lisis a largo plazo de la SST son esenciales para evaluar los impactos del cambio clim\u00e1tico y predecir fen\u00f3menos meteorol\u00f3gicos extremos, como ciclones tropicales o precipitaciones intensas a escala regional, como las inundaciones repentinas en el Mediterr\u00e1neo. La SST tambi\u00e9n se utiliza para pronosticar cambios en el oc\u00e9ano a mayor escala, como la Oscilaci\u00f3n del Sur de El Ni\u00f1o.<\/p><p>En el oc\u00e9ano global, la SST var\u00eda con la latitud, con valores m\u00e1s fr\u00edos en las regiones \u00e1rtica y ant\u00e1rtica y aguas m\u00e1s c\u00e1lidas alrededor del ecuador. Este gradiente de temperatura se puede ver f\u00e1cilmente en los oc\u00e9anos, pero no es tan claro en un mar marginal como el Mediterr\u00e1neo.<\/p>\t\t\t\t\t\t\t\t<\/div>\n\t\t\t\t<\/div>\n\t\t\t\t<div class=\"elementor-element elementor-element-1d8c150 exad-sticky-section-no exad-glass-effect-no elementor-widget elementor-widget-heading\" data-id=\"1d8c150\" data-element_type=\"widget\" data-e-type=\"widget\" data-widget_type=\"heading.default\">\n\t\t\t\t<div class=\"elementor-widget-container\">\n\t\t\t\t\t<h1 class=\"elementor-heading-title elementor-size-default\">Definici\u00f3n de SST<\/h1>\t\t\t\t<\/div>\n\t\t\t\t<\/div>\n\t\t\t\t<div class=\"elementor-element elementor-element-143cecd exad-sticky-section-no exad-glass-effect-no elementor-widget elementor-widget-text-editor\" data-id=\"143cecd\" data-element_type=\"widget\" data-e-type=\"widget\" data-widget_type=\"text-editor.default\">\n\t\t\t\t<div class=\"elementor-widget-container\">\n\t\t\t\t\t\t\t\t\t<p>No existe una \u00fanica definici\u00f3n de SST, ya que la capa superior del oc\u00e9ano presenta una estructura de temperatura variable relacionada con la turbulencia oce\u00e1nica y los flujos de calor, momento y humedad entre el aire y el mar. Por lo tanto, se utilizan diversas definiciones de SST para los diferentes valores de temperatura que pueden medirse a diferentes profundidades en la capa superior del oc\u00e9ano. La figura muestra las diferentes definiciones propuestas por el Grupo de Temperatura Superficial del Mar de Alta Resoluci\u00f3n (GHRSST, <a href=\"https:\/\/www.ghrsst.org\/\">https:\/\/www.ghrsst.org\/<\/a>).<\/p>\t\t\t\t\t\t\t\t<\/div>\n\t\t\t\t<\/div>\n\t\t\t\t<div class=\"elementor-element elementor-element-ed2f089 exad-sticky-section-no exad-glass-effect-no elementor-widget elementor-widget-image\" data-id=\"ed2f089\" data-element_type=\"widget\" data-e-type=\"widget\" data-widget_type=\"image.default\">\n\t\t\t\t<div class=\"elementor-widget-container\">\n\t\t\t\t\t\t\t\t\t\t\t\t<figure class=\"wp-caption\">\n\t\t\t\t\t\t\t\t\t\t<img decoding=\"async\" src=\"https:\/\/medmos.eu\/wp-content\/uploads\/elementor\/thumbs\/about-sst-rf7z4vqpytyljb1u2xn6xgr9epkcz9xg2dl5zimphk.png\" title=\"about-sst\" alt=\"about-sst\" loading=\"lazy\" \/>\t\t\t\t\t\t\t\t\t\t\t<figcaption class=\"widget-image-caption wp-caption-text\">Fuente de la imagen: <a href=\"https:\/\/www.ghrsst.org\/ghrsst-data-services\/for-sst-data-users\/products\">https:\/\/www.ghrsst.org\/ghrsst-data-services\/for-sst-data-users\/products<\/a><\/figcaption>\n\t\t\t\t\t\t\t\t\t\t<\/figure>\n\t\t\t\t\t\t\t\t\t<\/div>\n\t\t\t\t<\/div>\n\t\t\t\t<div class=\"elementor-element elementor-element-0c3dfe4 exad-sticky-section-no exad-glass-effect-no elementor-widget elementor-widget-text-editor\" data-id=\"0c3dfe4\" data-element_type=\"widget\" data-e-type=\"widget\" data-widget_type=\"text-editor.default\">\n\t\t\t\t<div class=\"elementor-widget-container\">\n\t\t\t\t\t\t\t\t\t<p>Las definiciones que se muestran en la figura son:<\/p><p><strong>Temperatura de la interfaz (SSTint)<\/strong><\/p><p>Corresponde a la capa de interfaz aire-mar. Sin embargo, en la pr\u00e1ctica, no tiene utilidad pr\u00e1ctica, ya que la temperatura a este nivel no puede medirse con la tecnolog\u00eda actual.<\/p><p><strong>Temperatura superficial del mar superficial (SSTskin)<\/strong><\/p><p>Es la temperatura medida por un radi\u00f3metro infrarrojo en el rango de longitudes de onda de 3,7 a 12 \u03bcm. Corresponde a una capa de ~10 a 20 \u03bcm de profundidad. Las mediciones de SSTskin est\u00e1n sujetas a un amplio ciclo diurno potencial.<\/p><p><strong>Temperatura superficial del mar subsuperficial (SSTsub-skin)<\/strong><\/p><p>Corresponde a aproximadamente 1 mm de profundidad. A efectos pr\u00e1cticos, la SSTsub-skin puede aproximarse a la medici\u00f3n de la temperatura superficial mediante un radi\u00f3metro de microondas que opera en el rango de frecuencia de 6 a 11 GHz.<\/p><p><strong>Temperatura del mar en profundidad (SSTz o SSTdepth)<\/strong><\/p><p>Todas las mediciones de la temperatura del agua bajo la SSTsub-skin se denominan temperaturas de profundidad (SSTdepth). Estas temperaturas pueden obtenerse mediante una amplia variedad de plataformas y sensores, como boyas a la deriva, flotadores de perfil vertical o cadenas de termistores profundos, a profundidades que oscilan entre 10\u207b\u00b2 y 10\u207b\u00b3 m. Estas observaciones de temperatura son distintas de las obtenidas mediante t\u00e9cnicas de teledetecci\u00f3n (SSTskin y SSTsub-skin) y deben calificarse mediante una profundidad de medici\u00f3n en metros.<\/p><p><strong>Temperatura de cimentaci\u00f3n (SSTfnd)<\/strong><\/p><p>Para la profundidad a la que corresponde SSTfnd, la variabilidad diurna de la temperatura no influye. La SSTfnd (temperatura de cimentaci\u00f3n) solo puede medirse mediante term\u00f3metros de contacto in situ.<\/p><p>Informaci\u00f3n adicional sobre la SST en EumeTrain (<a href=\"https:\/\/resources.eumetrain.org\/data\/6\/619\/index.htm\">https:\/\/resources.eumetrain.org\/data\/6\/619\/index.htm<\/a>)<\/p>\t\t\t\t\t\t\t\t<\/div>\n\t\t\t\t<\/div>\n\t\t\t\t\t<\/div>\n\t\t\t\t<\/div>\n\t\t\t\t<\/div>\n\t\t","protected":false},"excerpt":{"rendered":"<p>Sobre la temperatura de la superficie del mar La temperatura superficial del mar (SST) es una de las variables clim\u00e1ticas esenciales (VCE) definidas por el Sistema Mundial de Observaci\u00f3n del Clima (SMOC) para monitorear y caracterizar el estado del sistema clim\u00e1tico global. La SST es un indicador del flujo de calor en la interfaz aire-mar [&hellip;]<\/p>\n","protected":false},"author":1,"featured_media":0,"parent":214,"menu_order":0,"comment_status":"closed","ping_status":"closed","template":"elementor_header_footer","meta":{"ocean_post_layout":"","ocean_both_sidebars_style":"","ocean_both_sidebars_content_width":0,"ocean_both_sidebars_sidebars_width":0,"ocean_sidebar":"","ocean_second_sidebar":"","ocean_disable_margins":"enable","ocean_add_body_class":"","ocean_shortcode_before_top_bar":"","ocean_shortcode_after_top_bar":"","ocean_shortcode_before_header":"","ocean_shortcode_after_header":"","ocean_has_shortcode":"","ocean_shortcode_after_title":"","ocean_shortcode_before_footer_widgets":"","ocean_shortcode_after_footer_widgets":"","ocean_shortcode_before_footer_bottom":"","ocean_shortcode_after_footer_bottom":"","ocean_display_top_bar":"default","ocean_display_header":"default","ocean_header_style":"","ocean_center_header_left_menu":"","ocean_custom_header_template":"","ocean_custom_logo":0,"ocean_custom_retina_logo":0,"ocean_custom_logo_max_width":0,"ocean_custom_logo_tablet_max_width":0,"ocean_custom_logo_mobile_max_width":0,"ocean_custom_logo_max_height":0,"ocean_custom_logo_tablet_max_height":0,"ocean_custom_logo_mobile_max_height":0,"ocean_header_custom_menu":"","ocean_menu_typo_font_family":"","ocean_menu_typo_font_subset":"","ocean_menu_typo_font_size":0,"ocean_menu_typo_font_size_tablet":0,"ocean_menu_typo_font_size_mobile":0,"ocean_menu_typo_font_size_unit":"px","ocean_menu_typo_font_weight":"","ocean_menu_typo_font_weight_tablet":"","ocean_menu_typo_font_weight_mobile":"","ocean_menu_typo_transform":"","ocean_menu_typo_transform_tablet":"","ocean_menu_typo_transform_mobile":"","ocean_menu_typo_line_height":0,"ocean_menu_typo_line_height_tablet":0,"ocean_menu_typo_line_height_mobile":0,"ocean_menu_typo_line_height_unit":"","ocean_menu_typo_spacing":0,"ocean_menu_typo_spacing_tablet":0,"ocean_menu_typo_spacing_mobile":0,"ocean_menu_typo_spacing_unit":"","ocean_menu_link_color":"","ocean_menu_link_color_hover":"","ocean_menu_link_color_active":"","ocean_menu_link_background":"","ocean_menu_link_hover_background":"","ocean_menu_link_active_background":"","ocean_menu_social_links_bg":"","ocean_menu_social_hover_links_bg":"","ocean_menu_social_links_color":"","ocean_menu_social_hover_links_color":"","ocean_disable_title":"default","ocean_disable_heading":"default","ocean_post_title":"","ocean_post_subheading":"","ocean_post_title_style":"","ocean_post_title_background_color":"","ocean_post_title_background":0,"ocean_post_title_bg_image_position":"","ocean_post_title_bg_image_attachment":"","ocean_post_title_bg_image_repeat":"","ocean_post_title_bg_image_size":"","ocean_post_title_height":0,"ocean_post_title_bg_overlay":0.5,"ocean_post_title_bg_overlay_color":"","ocean_disable_breadcrumbs":"default","ocean_breadcrumbs_color":"","ocean_breadcrumbs_separator_color":"","ocean_breadcrumbs_links_color":"","ocean_breadcrumbs_links_hover_color":"","ocean_display_footer_widgets":"default","ocean_display_footer_bottom":"default","ocean_custom_footer_template":"","footnotes":""},"class_list":["post-1817","page","type-page","status-publish","hentry","entry"],"_links":{"self":[{"href":"https:\/\/medmos.eu\/es\/wp-json\/wp\/v2\/pages\/1817","targetHints":{"allow":["GET"]}}],"collection":[{"href":"https:\/\/medmos.eu\/es\/wp-json\/wp\/v2\/pages"}],"about":[{"href":"https:\/\/medmos.eu\/es\/wp-json\/wp\/v2\/types\/page"}],"author":[{"embeddable":true,"href":"https:\/\/medmos.eu\/es\/wp-json\/wp\/v2\/users\/1"}],"replies":[{"embeddable":true,"href":"https:\/\/medmos.eu\/es\/wp-json\/wp\/v2\/comments?post=1817"}],"version-history":[{"count":9,"href":"https:\/\/medmos.eu\/es\/wp-json\/wp\/v2\/pages\/1817\/revisions"}],"predecessor-version":[{"id":4128,"href":"https:\/\/medmos.eu\/es\/wp-json\/wp\/v2\/pages\/1817\/revisions\/4128"}],"up":[{"embeddable":true,"href":"https:\/\/medmos.eu\/es\/wp-json\/wp\/v2\/pages\/214"}],"wp:attachment":[{"href":"https:\/\/medmos.eu\/es\/wp-json\/wp\/v2\/media?parent=1817"}],"curies":[{"name":"wp","href":"https:\/\/api.w.org\/{rel}","templated":true}]}}