{"id":414,"date":"2025-05-08T13:56:34","date_gmt":"2025-05-08T11:56:34","guid":{"rendered":"https:\/\/medmos.eu\/?page_id=414"},"modified":"2026-01-29T15:58:53","modified_gmt":"2026-01-29T14:58:53","slug":"tendencia-mhw","status":"publish","type":"page","link":"https:\/\/medmos.eu\/es\/mhw\/tendencia-mhw\/","title":{"rendered":"Tendencia MHW"},"content":{"rendered":"\t\t<div data-elementor-type=\"wp-page\" data-elementor-id=\"414\" class=\"elementor elementor-414\" data-elementor-post-type=\"page\">\n\t\t\t\t<div class=\"elementor-element elementor-element-e3596d4 e-con-full e-flex e-con e-parent\" data-id=\"e3596d4\" data-element_type=\"container\" data-e-type=\"container\">\n\t\t\t\t<div class=\"elementor-element elementor-element-13acec6 elementor-view-default exad-sticky-section-no exad-glass-effect-no elementor-widget elementor-widget-icon\" data-id=\"13acec6\" data-element_type=\"widget\" data-e-type=\"widget\" data-widget_type=\"icon.default\">\n\t\t\t\t<div class=\"elementor-widget-container\">\n\t\t\t\t\t\t\t<div class=\"elementor-icon-wrapper\">\n\t\t\t<div class=\"elementor-icon\">\n\t\t\t<svg aria-hidden=\"true\" class=\"e-font-icon-svg e-fas-temperature-low\" viewBox=\"0 0 512 512\" xmlns=\"http:\/\/www.w3.org\/2000\/svg\"><path d=\"M416 0c-52.9 0-96 43.1-96 96s43.1 96 96 96 96-43.1 96-96-43.1-96-96-96zm0 128c-17.7 0-32-14.3-32-32s14.3-32 32-32 32 14.3 32 32-14.3 32-32 32zm-160-16C256 50.1 205.9 0 144 0S32 50.1 32 112v166.5C12.3 303.2 0 334 0 368c0 79.5 64.5 144 144 144s144-64.5 144-144c0-34-12.3-64.9-32-89.5V112zM144 448c-44.1 0-80-35.9-80-80 0-25.5 12.2-48.9 32-63.8V112c0-26.5 21.5-48 48-48s48 21.5 48 48v192.2c19.8 14.8 32 38.3 32 63.8 0 44.1-35.9 80-80 80zm16-125.1V304c0-8.8-7.2-16-16-16s-16 7.2-16 16v18.9c-18.6 6.6-32 24.2-32 45.1 0 26.5 21.5 48 48 48s48-21.5 48-48c0-20.9-13.4-38.5-32-45.1z\"><\/path><\/svg>\t\t\t<\/div>\n\t\t<\/div>\n\t\t\t\t\t\t<\/div>\n\t\t\t\t<\/div>\n\t\t\t\t<div class=\"elementor-element elementor-element-a1d934d elementor-position-inline-start elementor-widget__width-auto elementor-view-default elementor-mobile-position-block-start exad-sticky-section-no exad-glass-effect-no elementor-widget elementor-widget-icon-box\" data-id=\"a1d934d\" data-element_type=\"widget\" data-e-type=\"widget\" data-widget_type=\"icon-box.default\">\n\t\t\t\t<div class=\"elementor-widget-container\">\n\t\t\t\t\t\t\t<div class=\"elementor-icon-box-wrapper\">\n\n\t\t\t\t\t\t<div class=\"elementor-icon-box-icon\">\n\t\t\t\t<span  class=\"elementor-icon\">\n\t\t\t\t<svg aria-hidden=\"true\" class=\"e-font-icon-svg e-fas-water\" viewBox=\"0 0 576 512\" xmlns=\"http:\/\/www.w3.org\/2000\/svg\"><path d=\"M562.1 383.9c-21.5-2.4-42.1-10.5-57.9-22.9-14.1-11.1-34.2-11.3-48.2 0-37.9 30.4-107.2 30.4-145.7-1.5-13.5-11.2-33-9.1-46.7 1.8-38 30.1-106.9 30-145.2-1.7-13.5-11.2-33.3-8.9-47.1 2-15.5 12.2-36 20.1-57.7 22.4-7.9.8-13.6 7.8-13.6 15.7v32.2c0 9.1 7.6 16.8 16.7 16 28.8-2.5 56.1-11.4 79.4-25.9 56.5 34.6 137 34.1 192 0 56.5 34.6 137 34.1 192 0 23.3 14.2 50.9 23.3 79.1 25.8 9.1.8 16.7-6.9 16.7-16v-31.6c.1-8-5.7-15.4-13.8-16.3zm0-144c-21.5-2.4-42.1-10.5-57.9-22.9-14.1-11.1-34.2-11.3-48.2 0-37.9 30.4-107.2 30.4-145.7-1.5-13.5-11.2-33-9.1-46.7 1.8-38 30.1-106.9 30-145.2-1.7-13.5-11.2-33.3-8.9-47.1 2-15.5 12.2-36 20.1-57.7 22.4-7.9.8-13.6 7.8-13.6 15.7v32.2c0 9.1 7.6 16.8 16.7 16 28.8-2.5 56.1-11.4 79.4-25.9 56.5 34.6 137 34.1 192 0 56.5 34.6 137 34.1 192 0 23.3 14.2 50.9 23.3 79.1 25.8 9.1.8 16.7-6.9 16.7-16v-31.6c.1-8-5.7-15.4-13.8-16.3zm0-144C540.6 93.4 520 85.4 504.2 73 490.1 61.9 470 61.7 456 73c-37.9 30.4-107.2 30.4-145.7-1.5-13.5-11.2-33-9.1-46.7 1.8-38 30.1-106.9 30-145.2-1.7-13.5-11.2-33.3-8.9-47.1 2-15.5 12.2-36 20.1-57.7 22.4-7.9.8-13.6 7.8-13.6 15.7v32.2c0 9.1 7.6 16.8 16.7 16 28.8-2.5 56.1-11.4 79.4-25.9 56.5 34.6 137 34.1 192 0 56.5 34.6 137 34.1 192 0 23.3 14.2 50.9 23.3 79.1 25.8 9.1.8 16.7-6.9 16.7-16v-31.6c.1-8-5.7-15.4-13.8-16.3z\"><\/path><\/svg>\t\t\t\t<\/span>\n\t\t\t<\/div>\n\t\t\t\n\t\t\t\t\t\t<div class=\"elementor-icon-box-content\">\n\n\t\t\t\t\t\t\t\t\t<h6 class=\"elementor-icon-box-title\">\n\t\t\t\t\t\t<span  >\n\t\t\t\t\t\t\tTendencia de las olas de calor marinas en el Mediterr\u00e1neo\t\t\t\t\t\t<\/span>\n\t\t\t\t\t<\/h6>\n\t\t\t\t\n\t\t\t\t\n\t\t\t<\/div>\n\t\t\t\n\t\t<\/div>\n\t\t\t\t\t\t<\/div>\n\t\t\t\t<\/div>\n\t\t\t\t<\/div>\n\t\t<div class=\"elementor-element elementor-element-37f82ca e-flex e-con-boxed e-con e-parent\" data-id=\"37f82ca\" data-element_type=\"container\" data-e-type=\"container\">\n\t\t\t\t\t<div class=\"e-con-inner\">\n\t\t\t\t<div class=\"elementor-element elementor-element-d01ebc5 elementor-widget__width-initial e-n-tabs-mobile exad-sticky-section-no exad-glass-effect-no elementor-widget elementor-widget-n-tabs\" data-id=\"d01ebc5\" data-element_type=\"widget\" data-e-type=\"widget\" data-settings=\"{&quot;tabs_justify_horizontal&quot;:&quot;start&quot;,&quot;horizontal_scroll&quot;:&quot;disable&quot;}\" data-widget_type=\"nested-tabs.default\">\n\t\t\t\t<div class=\"elementor-widget-container\">\n\t\t\t\t\t\t\t<div class=\"e-n-tabs\" data-widget-number=\"218229701\" aria-label=\"Pesta\u00f1as. Abre elementos con Intro o Espacio, ci\u00e9rralos con Escape y navega con las fechas.\">\n\t\t\t<div class=\"e-n-tabs-heading\" role=\"tablist\">\n\t\t\t\t\t<button id=\"e-n-tab-title-2182297011\" data-tab-title-id=\"e-n-tab-title-2182297011\" class=\"e-n-tab-title\" aria-selected=\"true\" data-tab-index=\"1\" role=\"tab\" tabindex=\"0\" aria-controls=\"e-n-tab-content-2182297011\" style=\"--n-tabs-title-order: 1;\">\n\t\t\t\t\t\t<span class=\"e-n-tab-title-text\">\n\t\t\t\tNCEI\t\t\t<\/span>\n\t\t<\/button>\n\t\t\t\t\t<\/div>\n\t\t\t<div class=\"e-n-tabs-content\">\n\t\t\t\t<div id=\"e-n-tab-content-2182297011\" role=\"tabpanel\" aria-labelledby=\"e-n-tab-title-2182297011\" data-tab-index=\"1\" style=\"--n-tabs-title-order: 1;\" class=\"e-active elementor-element elementor-element-2d2ab82 e-con-full e-flex e-con e-child\" data-id=\"2d2ab82\" data-element_type=\"container\" data-e-type=\"container\">\n\t\t\t\t<div class=\"elementor-element elementor-element-e6c3986 vertical-tabs e-n-tabs-mobile exad-sticky-section-no exad-glass-effect-no elementor-widget elementor-widget-n-tabs\" data-id=\"e6c3986\" data-element_type=\"widget\" data-e-type=\"widget\" data-widget_type=\"nested-tabs.default\">\n\t\t\t\t<div class=\"elementor-widget-container\">\n\t\t\t\t\t\t\t<div class=\"e-n-tabs\" data-widget-number=\"241973638\" aria-label=\"Pesta\u00f1as. Abre elementos con Intro o Espacio, ci\u00e9rralos con Escape y navega con las fechas.\">\n\t\t\t<div class=\"e-n-tabs-heading\" role=\"tablist\">\n\t\t\t\t\t<button id=\"e-n-tab-title-2419736381\" data-tab-title-id=\"e-n-tab-title-2419736381\" class=\"e-n-tab-title\" aria-selected=\"true\" data-tab-index=\"1\" role=\"tab\" tabindex=\"0\" aria-controls=\"e-n-tab-content-2419736381\" style=\"--n-tabs-title-order: 1;\">\n\t\t\t\t\t<span class=\"e-n-tab-icon\">\n\t\t\t<i aria-hidden=\"true\" class=\"remixicon ri-arrow-down-s-line\"><\/i>\t\t\t<i aria-hidden=\"true\" class=\"remixicon ri-arrow-right-s-line\"><\/i>\t\t<\/span>\n\t\t\t\t\t<span class=\"e-n-tab-title-text\">\n\t\t\t\tIntensidad acumulada anual de MHW\t\t\t<\/span>\n\t\t<\/button>\n\t\t\t\t\t<\/div>\n\t\t\t<div class=\"e-n-tabs-content\">\n\t\t\t\t<div id=\"e-n-tab-content-2419736381\" role=\"tabpanel\" aria-labelledby=\"e-n-tab-title-2419736381\" data-tab-index=\"1\" style=\"--n-tabs-title-order: 1;\" class=\"e-active elementor-element elementor-element-f3b23d7 e-con-full e-flex e-con e-child\" data-id=\"f3b23d7\" data-element_type=\"container\" data-e-type=\"container\">\n\t\t\t\t<div class=\"elementor-element elementor-element-c305030 elementor-widget__width-initial image-with-fallback exad-sticky-section-no exad-glass-effect-no elementor-widget elementor-widget-image\" data-id=\"c305030\" data-element_type=\"widget\" data-e-type=\"widget\" data-widget_type=\"image.default\">\n\t\t\t\t<div class=\"elementor-widget-container\">\n\t\t\t\t\t\t\t\t\t\t\t\t\t\t\t\t<a href=\"https:\/\/medmos.eu\/imagenes\/SST\/NCEI\/MEDMOS-MHW-NCEI-MED-accumIntensity.png\" data-elementor-open-lightbox=\"yes\" data-e-action-hash=\"#elementor-action%3Aaction%3Dlightbox%26settings%3DW10%3D\">\n\t\t\t\t\t\t\t<img decoding=\"async\" src=\"https:\/\/medmos.eu\/imagenes\/SST\/NCEI\/MEDMOS-MHW-NCEI-MED-accumIntensity.png\" title=\"\" alt=\"\" class=\"elementor-animation-grow\" loading=\"lazy\" \/>\t\t\t\t\t\t\t\t<\/a>\n\t\t\t\t\t\t\t\t\t\t\t\t\t\t\t<\/div>\n\t\t\t\t<\/div>\n\t\t\t\t<div class=\"elementor-element elementor-element-e756316 exad-sticky-section-no exad-glass-effect-no elementor-widget elementor-widget-heading\" data-id=\"e756316\" data-element_type=\"widget\" data-e-type=\"widget\" data-widget_type=\"heading.default\">\n\t\t\t\t<div class=\"elementor-widget-container\">\n\t\t\t\t\t<h4 class=\"elementor-heading-title elementor-size-default\"><a href=\"https:\/\/medmos.eu\/imagenes\/SST\/NCEI\/MEDMOS-MHW-NCEI-MED-accumIntensity.png\" download=\"\">Pulse aqu\u00ed para descargar<\/a><\/h4>\t\t\t\t<\/div>\n\t\t\t\t<\/div>\n\t\t\t\t<\/div>\n\t\t\t\t\t<\/div>\n\t\t<\/div>\n\t\t\t\t\t\t<\/div>\n\t\t\t\t<\/div>\n\t\t\t\t<\/div>\n\t\t\t\t\t<\/div>\n\t\t<\/div>\n\t\t\t\t\t\t<\/div>\n\t\t\t\t<\/div>\n\t\t\t\t\t<\/div>\n\t\t\t\t<\/div>\n\t\t\t\t<\/div>\n\t\t","protected":false},"excerpt":{"rendered":"<p>Tendencia de las olas de calor marinas en el Mediterr\u00e1neo NCEI Intensidad acumulada anual de MHW Pulse aqu\u00ed para descargar Intensidad acumulada anual de MHW Pulse aqu\u00ed para descargar Pulse aqu\u00ed para descargar<\/p>\n","protected":false},"author":2,"featured_media":0,"parent":309,"menu_order":0,"comment_status":"closed","ping_status":"closed","template":"elementor_header_footer","meta":{"ocean_post_layout":"","ocean_both_sidebars_style":"","ocean_both_sidebars_content_width":0,"ocean_both_sidebars_sidebars_width":0,"ocean_sidebar":"","ocean_second_sidebar":"","ocean_disable_margins":"enable","ocean_add_body_class":"","ocean_shortcode_before_top_bar":"","ocean_shortcode_after_top_bar":"","ocean_shortcode_before_header":"","ocean_shortcode_after_header":"","ocean_has_shortcode":"","ocean_shortcode_after_title":"","ocean_shortcode_before_footer_widgets":"","ocean_shortcode_after_footer_widgets":"","ocean_shortcode_before_footer_bottom":"","ocean_shortcode_after_footer_bottom":"","ocean_display_top_bar":"default","ocean_display_header":"default","ocean_header_style":"","ocean_center_header_left_menu":"","ocean_custom_header_template":"","ocean_custom_logo":0,"ocean_custom_retina_logo":0,"ocean_custom_logo_max_width":0,"ocean_custom_logo_tablet_max_width":0,"ocean_custom_logo_mobile_max_width":0,"ocean_custom_logo_max_height":0,"ocean_custom_logo_tablet_max_height":0,"ocean_custom_logo_mobile_max_height":0,"ocean_header_custom_menu":"","ocean_menu_typo_font_family":"","ocean_menu_typo_font_subset":"","ocean_menu_typo_font_size":0,"ocean_menu_typo_font_size_tablet":0,"ocean_menu_typo_font_size_mobile":0,"ocean_menu_typo_font_size_unit":"px","ocean_menu_typo_font_weight":"","ocean_menu_typo_font_weight_tablet":"","ocean_menu_typo_font_weight_mobile":"","ocean_menu_typo_transform":"","ocean_menu_typo_transform_tablet":"","ocean_menu_typo_transform_mobile":"","ocean_menu_typo_line_height":0,"ocean_menu_typo_line_height_tablet":0,"ocean_menu_typo_line_height_mobile":0,"ocean_menu_typo_line_height_unit":"","ocean_menu_typo_spacing":0,"ocean_menu_typo_spacing_tablet":0,"ocean_menu_typo_spacing_mobile":0,"ocean_menu_typo_spacing_unit":"","ocean_menu_link_color":"","ocean_menu_link_color_hover":"","ocean_menu_link_color_active":"","ocean_menu_link_background":"","ocean_menu_link_hover_background":"","ocean_menu_link_active_background":"","ocean_menu_social_links_bg":"","ocean_menu_social_hover_links_bg":"","ocean_menu_social_links_color":"","ocean_menu_social_hover_links_color":"","ocean_disable_title":"default","ocean_disable_heading":"default","ocean_post_title":"","ocean_post_subheading":"","ocean_post_title_style":"","ocean_post_title_background_color":"","ocean_post_title_background":0,"ocean_post_title_bg_image_position":"","ocean_post_title_bg_image_attachment":"","ocean_post_title_bg_image_repeat":"","ocean_post_title_bg_image_size":"","ocean_post_title_height":0,"ocean_post_title_bg_overlay":0.5,"ocean_post_title_bg_overlay_color":"","ocean_disable_breadcrumbs":"default","ocean_breadcrumbs_color":"","ocean_breadcrumbs_separator_color":"","ocean_breadcrumbs_links_color":"","ocean_breadcrumbs_links_hover_color":"","ocean_display_footer_widgets":"default","ocean_display_footer_bottom":"default","ocean_custom_footer_template":"","footnotes":""},"class_list":["post-414","page","type-page","status-publish","hentry","entry"],"_links":{"self":[{"href":"https:\/\/medmos.eu\/es\/wp-json\/wp\/v2\/pages\/414","targetHints":{"allow":["GET"]}}],"collection":[{"href":"https:\/\/medmos.eu\/es\/wp-json\/wp\/v2\/pages"}],"about":[{"href":"https:\/\/medmos.eu\/es\/wp-json\/wp\/v2\/types\/page"}],"author":[{"embeddable":true,"href":"https:\/\/medmos.eu\/es\/wp-json\/wp\/v2\/users\/2"}],"replies":[{"embeddable":true,"href":"https:\/\/medmos.eu\/es\/wp-json\/wp\/v2\/comments?post=414"}],"version-history":[{"count":9,"href":"https:\/\/medmos.eu\/es\/wp-json\/wp\/v2\/pages\/414\/revisions"}],"predecessor-version":[{"id":4206,"href":"https:\/\/medmos.eu\/es\/wp-json\/wp\/v2\/pages\/414\/revisions\/4206"}],"up":[{"embeddable":true,"href":"https:\/\/medmos.eu\/es\/wp-json\/wp\/v2\/pages\/309"}],"wp:attachment":[{"href":"https:\/\/medmos.eu\/es\/wp-json\/wp\/v2\/media?parent=414"}],"curies":[{"name":"wp","href":"https:\/\/api.w.org\/{rel}","templated":true}]}}