{"id":1248,"date":"2025-02-24T17:27:17","date_gmt":"2025-02-24T16:27:17","guid":{"rendered":"https:\/\/medmos.eu\/butlleti-estacional\/"},"modified":"2026-02-20T11:28:00","modified_gmt":"2026-02-20T10:28:00","slug":"butlleti-estacional","status":"publish","type":"page","link":"https:\/\/medmos.eu\/va\/sst\/butlleti-estacional\/","title":{"rendered":"Butllet\u00ed Estacional"},"content":{"rendered":"\t\t<div data-elementor-type=\"wp-page\" data-elementor-id=\"1248\" class=\"elementor elementor-1248 elementor-247\" data-elementor-post-type=\"page\">\n\t\t\t\t<div class=\"elementor-element elementor-element-aed4934 e-flex e-con-boxed e-con e-parent\" data-id=\"aed4934\" data-element_type=\"container\" data-e-type=\"container\">\n\t\t\t\t\t<div class=\"e-con-inner\">\n\t\t\t\t<div class=\"elementor-element elementor-element-49bf0cd exad-sticky-section-no exad-glass-effect-no elementor-widget elementor-widget-heading\" data-id=\"49bf0cd\" data-element_type=\"widget\" data-e-type=\"widget\" data-widget_type=\"heading.default\">\n\t\t\t\t<div class=\"elementor-widget-container\">\n\t\t\t\t\t<h3 class=\"elementor-heading-title elementor-size-default\">\u00daltim butllet\u00ed<\/h3>\t\t\t\t<\/div>\n\t\t\t\t<\/div>\n\t\t\t\t<div class=\"elementor-element elementor-element-4140dde exad-sticky-section-no exad-glass-effect-no elementor-widget elementor-widget-heading\" data-id=\"4140dde\" data-element_type=\"widget\" data-e-type=\"widget\" data-widget_type=\"heading.default\">\n\t\t\t\t<div class=\"elementor-widget-container\">\n\t\t\t\t\t<h1 class=\"elementor-heading-title elementor-size-default\">Informe sobre l'Estat del Mediterrani<\/h1>\t\t\t\t<\/div>\n\t\t\t\t<\/div>\n\t\t\t\t<div class=\"elementor-element elementor-element-48f0e80 exad-sticky-section-no exad-glass-effect-no elementor-widget elementor-widget-text-editor\" data-id=\"48f0e80\" data-element_type=\"widget\" data-e-type=\"widget\" data-widget_type=\"text-editor.default\">\n\t\t\t\t<div class=\"elementor-widget-container\">\n\t\t\t\t\t\t\t\t\t<p>La regi\u00f3 mediterr\u00e0nia s&#8217;ha definit com un focus de canvi clim\u00e0tic, on la mar Mediterr\u00e0nia i les seues interaccions amb l&#8217;atmosfera exercixen un paper fonamental en les seues condicions ambientals.<\/p><p>L&#8217;Informe sobre la Temperatura de la Superf\u00edcie de la Mar (TSM) del Mediterrani \u00e9s una iniciativa de l&#8217;\u00e0rea de Meteorologia i Climatologia del Centre d&#8217;Estudis Ambientals del Mediterrani (CEAM) per a revisar i actualitzar peri\u00f2dicament la climatologia i la tend\u00e8ncia de la temperatura superficial de la mar (TSM) en la conca mediterr\u00e0nia.<\/p><p>Este bolet\u00edn se publicar\u00e1 estacionalmente y tiene como objetivo difundir el estado del arte sobre la TSM del Mediterr\u00e1neo, as\u00ed como proporcionar informaci\u00f3n a las partes interesadas y a los medios de comunicaci\u00f3n en el cambio clim\u00e1tico. Asimismo, nuestro objetivo es ofrecer este bolet\u00edn como punto de encuentro para la comunidad cient\u00edfica involucrada en el estudio de la TSM del Mediterr\u00e1neo. <\/p>\t\t\t\t\t\t\t\t<\/div>\n\t\t\t\t<\/div>\n\t\t\t\t\t<\/div>\n\t\t\t\t<\/div>\n\t\t<div class=\"elementor-element elementor-element-af9c122 e-flex e-con-boxed e-con e-parent\" data-id=\"af9c122\" data-element_type=\"container\" data-e-type=\"container\">\n\t\t\t\t\t<div class=\"e-con-inner\">\n\t\t<div class=\"elementor-element elementor-element-95dd661 e-con-full e-flex e-con e-child\" data-id=\"95dd661\" data-element_type=\"container\" data-e-type=\"container\">\n\t\t\t\t<div class=\"elementor-element elementor-element-9f92dcb exad-sticky-section-no exad-glass-effect-no elementor-widget elementor-widget-image\" data-id=\"9f92dcb\" data-element_type=\"widget\" data-e-type=\"widget\" data-widget_type=\"image.default\">\n\t\t\t\t<div class=\"elementor-widget-container\">\n\t\t\t\t\t\t\t\t\t\t\t\t\t\t\t<img fetchpriority=\"high\" decoding=\"async\" width=\"1024\" height=\"576\" src=\"https:\/\/medmos.eu\/wp-content\/uploads\/2025\/02\/wave-1024x576.jpg\" class=\"attachment-large size-large wp-image-930\" alt=\"\" srcset=\"https:\/\/medmos.eu\/wp-content\/uploads\/2025\/02\/wave-1024x576.jpg 1024w, https:\/\/medmos.eu\/wp-content\/uploads\/2025\/02\/wave-300x169.jpg 300w, https:\/\/medmos.eu\/wp-content\/uploads\/2025\/02\/wave-768x432.jpg 768w, https:\/\/medmos.eu\/wp-content\/uploads\/2025\/02\/wave-800x450.jpg 800w, https:\/\/medmos.eu\/wp-content\/uploads\/2025\/02\/wave.jpg 1280w\" sizes=\"(max-width: 1024px) 100vw, 1024px\" \/>\t\t\t\t\t\t\t\t\t\t\t\t\t\t\t<\/div>\n\t\t\t\t<\/div>\n\t\t\t\t<\/div>\n\t\t<div class=\"elementor-element elementor-element-d33cfbd e-con-full e-flex e-con e-child\" data-id=\"d33cfbd\" data-element_type=\"container\" data-e-type=\"container\">\n\t\t\t\t<div class=\"elementor-element elementor-element-24a8643 exad-sticky-section-no exad-glass-effect-no elementor-widget elementor-widget-image\" data-id=\"24a8643\" data-element_type=\"widget\" data-e-type=\"widget\" data-widget_type=\"image.default\">\n\t\t\t\t<div class=\"elementor-widget-container\">\n\t\t\t\t\t\t\t\t\t\t\t\t\t\t\t<img decoding=\"async\" width=\"1024\" height=\"576\" src=\"https:\/\/medmos.eu\/wp-content\/uploads\/2025\/02\/wave-2-1024x576.jpg\" class=\"attachment-large size-large wp-image-932\" alt=\"\" srcset=\"https:\/\/medmos.eu\/wp-content\/uploads\/2025\/02\/wave-2-1024x576.jpg 1024w, https:\/\/medmos.eu\/wp-content\/uploads\/2025\/02\/wave-2-300x169.jpg 300w, https:\/\/medmos.eu\/wp-content\/uploads\/2025\/02\/wave-2-768x432.jpg 768w, https:\/\/medmos.eu\/wp-content\/uploads\/2025\/02\/wave-2-800x450.jpg 800w, https:\/\/medmos.eu\/wp-content\/uploads\/2025\/02\/wave-2.jpg 1200w\" sizes=\"(max-width: 1024px) 100vw, 1024px\" \/>\t\t\t\t\t\t\t\t\t\t\t\t\t\t\t<\/div>\n\t\t\t\t<\/div>\n\t\t\t\t<\/div>\n\t\t\t\t\t<\/div>\n\t\t\t\t<\/div>\n\t\t<div class=\"elementor-element elementor-element-61676b1 e-flex e-con-boxed e-con e-parent\" data-id=\"61676b1\" data-element_type=\"container\" data-e-type=\"container\" data-settings=\"{&quot;background_background&quot;:&quot;classic&quot;}\">\n\t\t\t\t\t<div class=\"e-con-inner\">\n\t\t\t\t<div class=\"elementor-element elementor-element-0d9bd4e exad-sticky-section-no exad-glass-effect-no elementor-widget elementor-widget-heading\" data-id=\"0d9bd4e\" data-element_type=\"widget\" data-e-type=\"widget\" data-widget_type=\"heading.default\">\n\t\t\t\t<div class=\"elementor-widget-container\">\n\t\t\t\t\t<h3 class=\"elementor-heading-title elementor-size-default\">Descarregar tots els butlletins<\/h3>\t\t\t\t<\/div>\n\t\t\t\t<\/div>\n\t\t\t\t<div class=\"elementor-element elementor-element-814efc3 elementor-grid-6 elementor-posts--align-center elementor-grid-tablet-4 elementor-grid-mobile-2 elementor-posts--thumbnail-top elementor-card-shadow-yes elementor-posts__hover-gradient load-more-align-center exad-sticky-section-no exad-glass-effect-no elementor-widget elementor-widget-posts\" data-id=\"814efc3\" data-element_type=\"widget\" data-e-type=\"widget\" data-settings=\"{&quot;pagination_type&quot;:&quot;load_more_on_click&quot;,&quot;cards_columns&quot;:&quot;6&quot;,&quot;cards_masonry&quot;:&quot;yes&quot;,&quot;cards_columns_tablet&quot;:&quot;4&quot;,&quot;cards_columns_mobile&quot;:&quot;2&quot;,&quot;cards_row_gap&quot;:{&quot;unit&quot;:&quot;px&quot;,&quot;size&quot;:35,&quot;sizes&quot;:[]},&quot;cards_row_gap_tablet&quot;:{&quot;unit&quot;:&quot;px&quot;,&quot;size&quot;:&quot;&quot;,&quot;sizes&quot;:[]},&quot;cards_row_gap_mobile&quot;:{&quot;unit&quot;:&quot;px&quot;,&quot;size&quot;:&quot;&quot;,&quot;sizes&quot;:[]},&quot;load_more_spinner&quot;:{&quot;value&quot;:&quot;fas fa-spinner&quot;,&quot;library&quot;:&quot;fa-solid&quot;}}\" data-widget_type=\"posts.cards\">\n\t\t\t\t<div class=\"elementor-widget-container\">\n\t\t\t\t\t\t\t<div class=\"elementor-posts-container elementor-posts elementor-posts--skin-cards elementor-grid\" role=\"list\">\n\t\t\t\t<article class=\"elementor-post elementor-grid-item post-1238 wpdmpro type-wpdmpro status-publish has-post-thumbnail hentry entry has-media\" role=\"listitem\">\n\t\t\t<div class=\"elementor-post__card\">\n\t\t\t\t<a class=\"elementor-post__thumbnail__link\" href=\"https:\/\/medmos.eu\/va\/download\/invierno-2024\/\" tabindex=\"-1\" ><div class=\"elementor-post__thumbnail\"><img decoding=\"async\" width=\"512\" height=\"512\" src=\"https:\/\/medmos.eu\/wp-content\/uploads\/2025\/05\/pdf_download.png\" class=\"attachment-large size-large wp-image-867\" alt=\"\" srcset=\"https:\/\/medmos.eu\/wp-content\/uploads\/2025\/05\/pdf_download.png 512w, https:\/\/medmos.eu\/wp-content\/uploads\/2025\/05\/pdf_download-300x300.png 300w, https:\/\/medmos.eu\/wp-content\/uploads\/2025\/05\/pdf_download-150x150.png 150w, https:\/\/medmos.eu\/wp-content\/uploads\/2025\/05\/elementor\/thumbs\/pdf_download-r5uo5pgoynvpjaztojzkbod4z7e3s9hffogjudy838.png 50w, https:\/\/medmos.eu\/wp-content\/uploads\/2025\/05\/elementor\/thumbs\/pdf_download-r5uo5pgp7fmzuwmkkc5sqw4t6o8fim4km1dl2o1o3g.png 70w\" sizes=\"(max-width: 512px) 100vw, 512px\" \/><\/div><\/a>\n\t\t\t\t<div class=\"elementor-post__text\">\n\t\t\t\t<h3 class=\"elementor-post__title\">\n\t\t\t<a href=\"https:\/\/medmos.eu\/va\/download\/invierno-2024\/\" >\n\t\t\t\tInvierno 2024\t\t\t<\/a>\n\t\t<\/h3>\n\t\t\t\t<\/div>\n\t\t\t\t\t<\/div>\n\t\t<\/article>\n\t\t\t\t<article class=\"elementor-post elementor-grid-item post-1237 wpdmpro type-wpdmpro status-publish has-post-thumbnail hentry entry has-media\" role=\"listitem\">\n\t\t\t<div class=\"elementor-post__card\">\n\t\t\t\t<a class=\"elementor-post__thumbnail__link\" href=\"https:\/\/medmos.eu\/va\/download\/otono-2024\/\" tabindex=\"-1\" ><div class=\"elementor-post__thumbnail\"><img decoding=\"async\" width=\"512\" height=\"512\" src=\"https:\/\/medmos.eu\/wp-content\/uploads\/2025\/05\/pdf_download.png\" class=\"attachment-large size-large wp-image-867\" alt=\"\" srcset=\"https:\/\/medmos.eu\/wp-content\/uploads\/2025\/05\/pdf_download.png 512w, https:\/\/medmos.eu\/wp-content\/uploads\/2025\/05\/pdf_download-300x300.png 300w, https:\/\/medmos.eu\/wp-content\/uploads\/2025\/05\/pdf_download-150x150.png 150w, https:\/\/medmos.eu\/wp-content\/uploads\/2025\/05\/elementor\/thumbs\/pdf_download-r5uo5pgoynvpjaztojzkbod4z7e3s9hffogjudy838.png 50w, https:\/\/medmos.eu\/wp-content\/uploads\/2025\/05\/elementor\/thumbs\/pdf_download-r5uo5pgp7fmzuwmkkc5sqw4t6o8fim4km1dl2o1o3g.png 70w\" sizes=\"(max-width: 512px) 100vw, 512px\" \/><\/div><\/a>\n\t\t\t\t<div class=\"elementor-post__text\">\n\t\t\t\t<h3 class=\"elementor-post__title\">\n\t\t\t<a href=\"https:\/\/medmos.eu\/va\/download\/otono-2024\/\" >\n\t\t\t\tOto\u00f1o 2024\t\t\t<\/a>\n\t\t<\/h3>\n\t\t\t\t<\/div>\n\t\t\t\t\t<\/div>\n\t\t<\/article>\n\t\t\t\t<article class=\"elementor-post elementor-grid-item post-1236 wpdmpro type-wpdmpro status-publish has-post-thumbnail hentry entry has-media\" role=\"listitem\">\n\t\t\t<div class=\"elementor-post__card\">\n\t\t\t\t<a class=\"elementor-post__thumbnail__link\" href=\"https:\/\/medmos.eu\/va\/download\/verano-2024\/\" tabindex=\"-1\" ><div class=\"elementor-post__thumbnail\"><img decoding=\"async\" width=\"512\" height=\"512\" src=\"https:\/\/medmos.eu\/wp-content\/uploads\/2025\/05\/pdf_download.png\" class=\"attachment-large size-large wp-image-867\" alt=\"\" srcset=\"https:\/\/medmos.eu\/wp-content\/uploads\/2025\/05\/pdf_download.png 512w, https:\/\/medmos.eu\/wp-content\/uploads\/2025\/05\/pdf_download-300x300.png 300w, https:\/\/medmos.eu\/wp-content\/uploads\/2025\/05\/pdf_download-150x150.png 150w, https:\/\/medmos.eu\/wp-content\/uploads\/2025\/05\/elementor\/thumbs\/pdf_download-r5uo5pgoynvpjaztojzkbod4z7e3s9hffogjudy838.png 50w, https:\/\/medmos.eu\/wp-content\/uploads\/2025\/05\/elementor\/thumbs\/pdf_download-r5uo5pgp7fmzuwmkkc5sqw4t6o8fim4km1dl2o1o3g.png 70w\" sizes=\"(max-width: 512px) 100vw, 512px\" \/><\/div><\/a>\n\t\t\t\t<div class=\"elementor-post__text\">\n\t\t\t\t<h3 class=\"elementor-post__title\">\n\t\t\t<a href=\"https:\/\/medmos.eu\/va\/download\/verano-2024\/\" >\n\t\t\t\tVerano 2024\t\t\t<\/a>\n\t\t<\/h3>\n\t\t\t\t<\/div>\n\t\t\t\t\t<\/div>\n\t\t<\/article>\n\t\t\t\t<article class=\"elementor-post elementor-grid-item post-1235 wpdmpro type-wpdmpro status-publish has-post-thumbnail hentry entry has-media\" role=\"listitem\">\n\t\t\t<div class=\"elementor-post__card\">\n\t\t\t\t<a class=\"elementor-post__thumbnail__link\" href=\"https:\/\/medmos.eu\/va\/download\/primavera-2024\/\" tabindex=\"-1\" ><div class=\"elementor-post__thumbnail\"><img decoding=\"async\" width=\"512\" height=\"512\" src=\"https:\/\/medmos.eu\/wp-content\/uploads\/2025\/05\/pdf_download.png\" class=\"attachment-large size-large wp-image-867\" alt=\"\" srcset=\"https:\/\/medmos.eu\/wp-content\/uploads\/2025\/05\/pdf_download.png 512w, https:\/\/medmos.eu\/wp-content\/uploads\/2025\/05\/pdf_download-300x300.png 300w, https:\/\/medmos.eu\/wp-content\/uploads\/2025\/05\/pdf_download-150x150.png 150w, https:\/\/medmos.eu\/wp-content\/uploads\/2025\/05\/elementor\/thumbs\/pdf_download-r5uo5pgoynvpjaztojzkbod4z7e3s9hffogjudy838.png 50w, https:\/\/medmos.eu\/wp-content\/uploads\/2025\/05\/elementor\/thumbs\/pdf_download-r5uo5pgp7fmzuwmkkc5sqw4t6o8fim4km1dl2o1o3g.png 70w\" sizes=\"(max-width: 512px) 100vw, 512px\" \/><\/div><\/a>\n\t\t\t\t<div class=\"elementor-post__text\">\n\t\t\t\t<h3 class=\"elementor-post__title\">\n\t\t\t<a href=\"https:\/\/medmos.eu\/va\/download\/primavera-2024\/\" >\n\t\t\t\tPrimavera 2024\t\t\t<\/a>\n\t\t<\/h3>\n\t\t\t\t<\/div>\n\t\t\t\t\t<\/div>\n\t\t<\/article>\n\t\t\t\t<article class=\"elementor-post elementor-grid-item post-1198 wpdmpro type-wpdmpro status-publish has-post-thumbnail hentry entry has-media\" role=\"listitem\">\n\t\t\t<div class=\"elementor-post__card\">\n\t\t\t\t<a class=\"elementor-post__thumbnail__link\" href=\"https:\/\/medmos.eu\/va\/download\/invierno-2023\/\" tabindex=\"-1\" ><div class=\"elementor-post__thumbnail\"><img decoding=\"async\" width=\"512\" height=\"512\" src=\"https:\/\/medmos.eu\/wp-content\/uploads\/2025\/05\/pdf_download.png\" class=\"attachment-large size-large wp-image-867\" alt=\"\" srcset=\"https:\/\/medmos.eu\/wp-content\/uploads\/2025\/05\/pdf_download.png 512w, https:\/\/medmos.eu\/wp-content\/uploads\/2025\/05\/pdf_download-300x300.png 300w, https:\/\/medmos.eu\/wp-content\/uploads\/2025\/05\/pdf_download-150x150.png 150w, https:\/\/medmos.eu\/wp-content\/uploads\/2025\/05\/elementor\/thumbs\/pdf_download-r5uo5pgoynvpjaztojzkbod4z7e3s9hffogjudy838.png 50w, https:\/\/medmos.eu\/wp-content\/uploads\/2025\/05\/elementor\/thumbs\/pdf_download-r5uo5pgp7fmzuwmkkc5sqw4t6o8fim4km1dl2o1o3g.png 70w\" sizes=\"(max-width: 512px) 100vw, 512px\" \/><\/div><\/a>\n\t\t\t\t<div class=\"elementor-post__text\">\n\t\t\t\t<h3 class=\"elementor-post__title\">\n\t\t\t<a href=\"https:\/\/medmos.eu\/va\/download\/invierno-2023\/\" >\n\t\t\t\tInvierno 2023\t\t\t<\/a>\n\t\t<\/h3>\n\t\t\t\t<\/div>\n\t\t\t\t\t<\/div>\n\t\t<\/article>\n\t\t\t\t<article class=\"elementor-post elementor-grid-item post-1197 wpdmpro type-wpdmpro status-publish has-post-thumbnail hentry entry has-media\" role=\"listitem\">\n\t\t\t<div class=\"elementor-post__card\">\n\t\t\t\t<a class=\"elementor-post__thumbnail__link\" href=\"https:\/\/medmos.eu\/va\/download\/otono-2023\/\" tabindex=\"-1\" ><div class=\"elementor-post__thumbnail\"><img decoding=\"async\" width=\"512\" height=\"512\" src=\"https:\/\/medmos.eu\/wp-content\/uploads\/2025\/05\/pdf_download.png\" class=\"attachment-large size-large wp-image-867\" alt=\"\" srcset=\"https:\/\/medmos.eu\/wp-content\/uploads\/2025\/05\/pdf_download.png 512w, https:\/\/medmos.eu\/wp-content\/uploads\/2025\/05\/pdf_download-300x300.png 300w, https:\/\/medmos.eu\/wp-content\/uploads\/2025\/05\/pdf_download-150x150.png 150w, https:\/\/medmos.eu\/wp-content\/uploads\/2025\/05\/elementor\/thumbs\/pdf_download-r5uo5pgoynvpjaztojzkbod4z7e3s9hffogjudy838.png 50w, https:\/\/medmos.eu\/wp-content\/uploads\/2025\/05\/elementor\/thumbs\/pdf_download-r5uo5pgp7fmzuwmkkc5sqw4t6o8fim4km1dl2o1o3g.png 70w\" sizes=\"(max-width: 512px) 100vw, 512px\" \/><\/div><\/a>\n\t\t\t\t<div class=\"elementor-post__text\">\n\t\t\t\t<h3 class=\"elementor-post__title\">\n\t\t\t<a href=\"https:\/\/medmos.eu\/va\/download\/otono-2023\/\" >\n\t\t\t\tOto\u00f1o 2023\t\t\t<\/a>\n\t\t<\/h3>\n\t\t\t\t<\/div>\n\t\t\t\t\t<\/div>\n\t\t<\/article>\n\t\t\t\t<\/div>\n\t\t\t\t\t<span class=\"e-load-more-spinner\">\n\t\t\t\t<svg aria-hidden=\"true\" class=\"e-font-icon-svg e-fas-spinner\" viewBox=\"0 0 512 512\" xmlns=\"http:\/\/www.w3.org\/2000\/svg\"><path d=\"M304 48c0 26.51-21.49 48-48 48s-48-21.49-48-48 21.49-48 48-48 48 21.49 48 48zm-48 368c-26.51 0-48 21.49-48 48s21.49 48 48 48 48-21.49 48-48-21.49-48-48-48zm208-208c-26.51 0-48 21.49-48 48s21.49 48 48 48 48-21.49 48-48-21.49-48-48-48zM96 256c0-26.51-21.49-48-48-48S0 229.49 0 256s21.49 48 48 48 48-21.49 48-48zm12.922 99.078c-26.51 0-48 21.49-48 48s21.49 48 48 48 48-21.49 48-48c0-26.509-21.491-48-48-48zm294.156 0c-26.51 0-48 21.49-48 48s21.49 48 48 48 48-21.49 48-48c0-26.509-21.49-48-48-48zM108.922 60.922c-26.51 0-48 21.49-48 48s21.49 48 48 48 48-21.49 48-48-21.491-48-48-48z\"><\/path><\/svg>\t\t\t<\/span>\n\t\t\n\t\t\t\t<div class=\"e-load-more-anchor\" data-page=\"1\" data-max-page=\"2\" data-next-page=\"https:\/\/medmos.eu\/va\/wp-json\/wp\/v2\/pages\/1248\/page\/2\/\"><\/div>\n\t\t\t\t<div class=\"elementor-button-wrapper\">\n\t\t\t<a class=\"elementor-button elementor-size-sm\" role=\"button\">\n\t\t\t\t\t\t<span class=\"elementor-button-content-wrapper\">\n\t\t\t\t\t\t\t\t\t<span class=\"elementor-button-text\">VEURE M\u00c9S<\/span>\n\t\t\t\t\t<\/span>\n\t\t\t\t\t<\/a>\n\t\t<\/div>\n\t\t\t\t<div class=\"e-load-more-message\"><\/div>\n\t\t\t\t\t\t<\/div>\n\t\t\t\t<\/div>\n\t\t\t\t\t<\/div>\n\t\t\t\t<\/div>\n\t\t\t\t<\/div>\n\t\t","protected":false},"excerpt":{"rendered":"<p>\u00daltim butllet\u00ed Informe sobre l&#8217;Estat del Mediterrani La regi\u00f3 mediterr\u00e0nia s&#8217;ha definit com un focus de canvi clim\u00e0tic, on la mar Mediterr\u00e0nia i les seues<\/p>\n","protected":false},"author":1,"featured_media":0,"parent":1523,"menu_order":0,"comment_status":"closed","ping_status":"closed","template":"elementor_header_footer","meta":{"ocean_post_layout":"","ocean_both_sidebars_style":"","ocean_both_sidebars_content_width":0,"ocean_both_sidebars_sidebars_width":0,"ocean_sidebar":"","ocean_second_sidebar":"","ocean_disable_margins":"enable","ocean_add_body_class":"","ocean_shortcode_before_top_bar":"","ocean_shortcode_after_top_bar":"","ocean_shortcode_before_header":"","ocean_shortcode_after_header":"","ocean_has_shortcode":"","ocean_shortcode_after_title":"","ocean_shortcode_before_footer_widgets":"","ocean_shortcode_after_footer_widgets":"","ocean_shortcode_before_footer_bottom":"","ocean_shortcode_after_footer_bottom":"","ocean_display_top_bar":"default","ocean_display_header":"default","ocean_header_style":"","ocean_center_header_left_menu":"","ocean_custom_header_template":"","ocean_custom_logo":0,"ocean_custom_retina_logo":0,"ocean_custom_logo_max_width":0,"ocean_custom_logo_tablet_max_width":0,"ocean_custom_logo_mobile_max_width":0,"ocean_custom_logo_max_height":0,"ocean_custom_logo_tablet_max_height":0,"ocean_custom_logo_mobile_max_height":0,"ocean_header_custom_menu":"","ocean_menu_typo_font_family":"","ocean_menu_typo_font_subset":"","ocean_menu_typo_font_size":0,"ocean_menu_typo_font_size_tablet":0,"ocean_menu_typo_font_size_mobile":0,"ocean_menu_typo_font_size_unit":"px","ocean_menu_typo_font_weight":"","ocean_menu_typo_font_weight_tablet":"","ocean_menu_typo_font_weight_mobile":"","ocean_menu_typo_transform":"","ocean_menu_typo_transform_tablet":"","ocean_menu_typo_transform_mobile":"","ocean_menu_typo_line_height":0,"ocean_menu_typo_line_height_tablet":0,"ocean_menu_typo_line_height_mobile":0,"ocean_menu_typo_line_height_unit":"","ocean_menu_typo_spacing":0,"ocean_menu_typo_spacing_tablet":0,"ocean_menu_typo_spacing_mobile":0,"ocean_menu_typo_spacing_unit":"","ocean_menu_link_color":"","ocean_menu_link_color_hover":"","ocean_menu_link_color_active":"","ocean_menu_link_background":"","ocean_menu_link_hover_background":"","ocean_menu_link_active_background":"","ocean_menu_social_links_bg":"","ocean_menu_social_hover_links_bg":"","ocean_menu_social_links_color":"","ocean_menu_social_hover_links_color":"","ocean_disable_title":"default","ocean_disable_heading":"default","ocean_post_title":"","ocean_post_subheading":"","ocean_post_title_style":"","ocean_post_title_background_color":"","ocean_post_title_background":0,"ocean_post_title_bg_image_position":"","ocean_post_title_bg_image_attachment":"","ocean_post_title_bg_image_repeat":"","ocean_post_title_bg_image_size":"","ocean_post_title_height":0,"ocean_post_title_bg_overlay":0.5,"ocean_post_title_bg_overlay_color":"","ocean_disable_breadcrumbs":"default","ocean_breadcrumbs_color":"","ocean_breadcrumbs_separator_color":"","ocean_breadcrumbs_links_color":"","ocean_breadcrumbs_links_hover_color":"","ocean_display_footer_widgets":"default","ocean_display_footer_bottom":"default","ocean_custom_footer_template":"","footnotes":""},"class_list":["post-1248","page","type-page","status-publish","hentry","entry","has-media"],"_links":{"self":[{"href":"https:\/\/medmos.eu\/va\/wp-json\/wp\/v2\/pages\/1248","targetHints":{"allow":["GET"]}}],"collection":[{"href":"https:\/\/medmos.eu\/va\/wp-json\/wp\/v2\/pages"}],"about":[{"href":"https:\/\/medmos.eu\/va\/wp-json\/wp\/v2\/types\/page"}],"author":[{"embeddable":true,"href":"https:\/\/medmos.eu\/va\/wp-json\/wp\/v2\/users\/1"}],"replies":[{"embeddable":true,"href":"https:\/\/medmos.eu\/va\/wp-json\/wp\/v2\/comments?post=1248"}],"version-history":[{"count":2,"href":"https:\/\/medmos.eu\/va\/wp-json\/wp\/v2\/pages\/1248\/revisions"}],"predecessor-version":[{"id":4246,"href":"https:\/\/medmos.eu\/va\/wp-json\/wp\/v2\/pages\/1248\/revisions\/4246"}],"up":[{"embeddable":true,"href":"https:\/\/medmos.eu\/va\/wp-json\/wp\/v2\/pages\/1523"}],"wp:attachment":[{"href":"https:\/\/medmos.eu\/va\/wp-json\/wp\/v2\/media?parent=1248"}],"curies":[{"name":"wp","href":"https:\/\/api.w.org\/{rel}","templated":true}]}}