{"id":1531,"date":"2025-02-25T13:54:25","date_gmt":"2025-02-25T12:54:25","guid":{"rendered":"https:\/\/medmos.eu\/cookies\/"},"modified":"2026-02-20T09:08:54","modified_gmt":"2026-02-20T08:08:54","slug":"cookies","status":"publish","type":"page","link":"https:\/\/medmos.eu\/va\/cookies\/","title":{"rendered":"Cookies"},"content":{"rendered":"\t\t<div data-elementor-type=\"wp-page\" data-elementor-id=\"1531\" class=\"elementor elementor-1531 elementor-362\" data-elementor-post-type=\"page\">\n\t\t\t\t<div class=\"elementor-element elementor-element-f37ee36 e-flex e-con-boxed e-con e-parent\" data-id=\"f37ee36\" data-element_type=\"container\" data-e-type=\"container\">\n\t\t\t\t\t<div class=\"e-con-inner\">\n\t\t\t\t<div class=\"elementor-element elementor-element-6d0d5d1 exad-sticky-section-no exad-glass-effect-no elementor-widget elementor-widget-heading\" data-id=\"6d0d5d1\" data-element_type=\"widget\" data-e-type=\"widget\" data-widget_type=\"heading.default\">\n\t\t\t\t<div class=\"elementor-widget-container\">\n\t\t\t\t\t<h2 class=\"elementor-heading-title elementor-size-default\">Qu\u00e8 s\u00f3n les cookies?<\/h2>\t\t\t\t<\/div>\n\t\t\t\t<\/div>\n\t\t\t\t<div class=\"elementor-element elementor-element-a91828b exad-sticky-section-no exad-glass-effect-no elementor-widget elementor-widget-text-editor\" data-id=\"a91828b\" data-element_type=\"widget\" data-e-type=\"widget\" data-widget_type=\"text-editor.default\">\n\t\t\t\t<div class=\"elementor-widget-container\">\n\t\t\t\t\t\t\t\t\t<p>Esta Pol\u00edtica de cookies explica qu\u00e8 s\u00f3n les cookies i com les usem, els tipus de cookies que utilitzem, \u00e9s a dir, la informaci\u00f3 que recopilem mitjan\u00e7ant cookies i com s&#8217;usa eixa informaci\u00f3, i com administrar la configuraci\u00f3 de les cookies.<\/p>\n<p>Les cookies s\u00f3n xicotets arxius de text que s&#8217;utilitzen per a emmagatzemar xicotets fragments d&#8217;informaci\u00f3. S&#8217;emmagatzemen en el seu dispositiu quan el lloc web es carrega en el seu navegador. Estes cookies ens ajuden al fet que el lloc web funcione correctament, fer-lo m\u00e9s segur, brindar una millor experi\u00e8ncia d&#8217;usuari i comprendre com funciona el lloc web i analitzar qu\u00e8 funciona i on necessita millorar.  <\/p>\t\t\t\t\t\t\t\t<\/div>\n\t\t\t\t<\/div>\n\t\t\t\t<div class=\"elementor-element elementor-element-cf4c91f exad-sticky-section-no exad-glass-effect-no elementor-widget elementor-widget-heading\" data-id=\"cf4c91f\" data-element_type=\"widget\" data-e-type=\"widget\" data-widget_type=\"heading.default\">\n\t\t\t\t<div class=\"elementor-widget-container\">\n\t\t\t\t\t<h2 class=\"elementor-heading-title elementor-size-default\">Com usem les cookies?<\/h2>\t\t\t\t<\/div>\n\t\t\t\t<\/div>\n\t\t\t\t<div class=\"elementor-element elementor-element-6bd6158 exad-sticky-section-no exad-glass-effect-no elementor-widget elementor-widget-text-editor\" data-id=\"6bd6158\" data-element_type=\"widget\" data-e-type=\"widget\" data-widget_type=\"text-editor.default\">\n\t\t\t\t<div class=\"elementor-widget-container\">\n\t\t\t\t\t\t\t\t\t<p>Com la majoria dels servicis en l\u00ednia, el nostre lloc web utilitza cookies pr\u00f2pies i de tercers per a diversos prop\u00f2sits. Les cookies d&#8217;origen s\u00f3n principalment necess\u00e0ries perqu\u00e8 el lloc web funcione correctament i no recopilen cap de les seues dades d&#8217;identificaci\u00f3 personal. <\/p><p>Les cookies de tercers utilitzades en el nostre lloc web s\u00f3n principalment per a comprendre com funciona funciona el lloc web, com interactua amb el nostre lloc web, mant\u00e9 els nostres servicis segurs, proporciona anuncis que siguen rellevants per a vost\u00e9 i, en general, li brinda una experi\u00e8ncia d&#8217;usuari millor i l&#8217;ajuda a accelerar les seues interaccions futures amb el nostre lloc web.<\/p>\t\t\t\t\t\t\t\t<\/div>\n\t\t\t\t<\/div>\n\t\t\t\t\t<\/div>\n\t\t\t\t<\/div>\n\t\t\t\t<\/div>\n\t\t","protected":false},"excerpt":{"rendered":"<p>Qu\u00e8 s\u00f3n les cookies? Esta Pol\u00edtica de cookies explica qu\u00e8 s\u00f3n les cookies i com les usem, els tipus de cookies que utilitzem, \u00e9s a dir, la informaci\u00f3 que recopilem mitjan\u00e7ant cookies i com s&#8217;usa eixa informaci\u00f3, i com administrar la configuraci\u00f3 de les cookies. Les cookies s\u00f3n xicotets arxius de text que s&#8217;utilitzen per [&hellip;]<\/p>\n","protected":false},"author":1,"featured_media":0,"parent":0,"menu_order":0,"comment_status":"closed","ping_status":"closed","template":"elementor_header_footer","meta":{"ocean_post_layout":"","ocean_both_sidebars_style":"","ocean_both_sidebars_content_width":0,"ocean_both_sidebars_sidebars_width":0,"ocean_sidebar":"","ocean_second_sidebar":"","ocean_disable_margins":"enable","ocean_add_body_class":"","ocean_shortcode_before_top_bar":"","ocean_shortcode_after_top_bar":"","ocean_shortcode_before_header":"","ocean_shortcode_after_header":"","ocean_has_shortcode":"","ocean_shortcode_after_title":"","ocean_shortcode_before_footer_widgets":"","ocean_shortcode_after_footer_widgets":"","ocean_shortcode_before_footer_bottom":"","ocean_shortcode_after_footer_bottom":"","ocean_display_top_bar":"default","ocean_display_header":"default","ocean_header_style":"","ocean_center_header_left_menu":"","ocean_custom_header_template":"","ocean_custom_logo":0,"ocean_custom_retina_logo":0,"ocean_custom_logo_max_width":0,"ocean_custom_logo_tablet_max_width":0,"ocean_custom_logo_mobile_max_width":0,"ocean_custom_logo_max_height":0,"ocean_custom_logo_tablet_max_height":0,"ocean_custom_logo_mobile_max_height":0,"ocean_header_custom_menu":"","ocean_menu_typo_font_family":"","ocean_menu_typo_font_subset":"","ocean_menu_typo_font_size":0,"ocean_menu_typo_font_size_tablet":0,"ocean_menu_typo_font_size_mobile":0,"ocean_menu_typo_font_size_unit":"px","ocean_menu_typo_font_weight":"","ocean_menu_typo_font_weight_tablet":"","ocean_menu_typo_font_weight_mobile":"","ocean_menu_typo_transform":"","ocean_menu_typo_transform_tablet":"","ocean_menu_typo_transform_mobile":"","ocean_menu_typo_line_height":0,"ocean_menu_typo_line_height_tablet":0,"ocean_menu_typo_line_height_mobile":0,"ocean_menu_typo_line_height_unit":"","ocean_menu_typo_spacing":0,"ocean_menu_typo_spacing_tablet":0,"ocean_menu_typo_spacing_mobile":0,"ocean_menu_typo_spacing_unit":"","ocean_menu_link_color":"","ocean_menu_link_color_hover":"","ocean_menu_link_color_active":"","ocean_menu_link_background":"","ocean_menu_link_hover_background":"","ocean_menu_link_active_background":"","ocean_menu_social_links_bg":"","ocean_menu_social_hover_links_bg":"","ocean_menu_social_links_color":"","ocean_menu_social_hover_links_color":"","ocean_disable_title":"default","ocean_disable_heading":"default","ocean_post_title":"","ocean_post_subheading":"","ocean_post_title_style":"","ocean_post_title_background_color":"","ocean_post_title_background":0,"ocean_post_title_bg_image_position":"","ocean_post_title_bg_image_attachment":"","ocean_post_title_bg_image_repeat":"","ocean_post_title_bg_image_size":"","ocean_post_title_height":0,"ocean_post_title_bg_overlay":0.5,"ocean_post_title_bg_overlay_color":"","ocean_disable_breadcrumbs":"default","ocean_breadcrumbs_color":"","ocean_breadcrumbs_separator_color":"","ocean_breadcrumbs_links_color":"","ocean_breadcrumbs_links_hover_color":"","ocean_display_footer_widgets":"default","ocean_display_footer_bottom":"default","ocean_custom_footer_template":"","footnotes":""},"class_list":["post-1531","page","type-page","status-publish","hentry","entry"],"_links":{"self":[{"href":"https:\/\/medmos.eu\/va\/wp-json\/wp\/v2\/pages\/1531","targetHints":{"allow":["GET"]}}],"collection":[{"href":"https:\/\/medmos.eu\/va\/wp-json\/wp\/v2\/pages"}],"about":[{"href":"https:\/\/medmos.eu\/va\/wp-json\/wp\/v2\/types\/page"}],"author":[{"embeddable":true,"href":"https:\/\/medmos.eu\/va\/wp-json\/wp\/v2\/users\/1"}],"replies":[{"embeddable":true,"href":"https:\/\/medmos.eu\/va\/wp-json\/wp\/v2\/comments?post=1531"}],"version-history":[{"count":2,"href":"https:\/\/medmos.eu\/va\/wp-json\/wp\/v2\/pages\/1531\/revisions"}],"predecessor-version":[{"id":4236,"href":"https:\/\/medmos.eu\/va\/wp-json\/wp\/v2\/pages\/1531\/revisions\/4236"}],"wp:attachment":[{"href":"https:\/\/medmos.eu\/va\/wp-json\/wp\/v2\/media?parent=1531"}],"curies":[{"name":"wp","href":"https:\/\/api.w.org\/{rel}","templated":true}]}}