{"id":1535,"date":"2025-05-08T13:55:32","date_gmt":"2025-05-08T11:55:32","guid":{"rendered":"https:\/\/medmos.eu\/mhw\/mhw-mes-recent\/"},"modified":"2026-01-29T15:59:08","modified_gmt":"2026-01-29T14:59:08","slug":"mhw-mes-recent","status":"publish","type":"page","link":"https:\/\/medmos.eu\/va\/mhw\/mhw-mes-recent\/","title":{"rendered":"MHW m\u00e9s recent"},"content":{"rendered":"\t\t<div data-elementor-type=\"wp-page\" data-elementor-id=\"1535\" class=\"elementor elementor-1535 elementor-409\" data-elementor-post-type=\"page\">\n\t\t\t\t<div class=\"elementor-element elementor-element-512b40a e-con-full e-flex e-con e-parent\" data-id=\"512b40a\" data-element_type=\"container\" data-e-type=\"container\">\n\t\t\t\t<div class=\"elementor-element elementor-element-6658f30 elementor-view-default exad-sticky-section-no exad-glass-effect-no elementor-widget elementor-widget-icon\" data-id=\"6658f30\" data-element_type=\"widget\" data-e-type=\"widget\" data-widget_type=\"icon.default\">\n\t\t\t\t<div class=\"elementor-widget-container\">\n\t\t\t\t\t\t\t<div class=\"elementor-icon-wrapper\">\n\t\t\t<div class=\"elementor-icon\">\n\t\t\t<svg aria-hidden=\"true\" class=\"e-font-icon-svg e-fas-temperature-low\" viewBox=\"0 0 512 512\" xmlns=\"http:\/\/www.w3.org\/2000\/svg\"><path d=\"M416 0c-52.9 0-96 43.1-96 96s43.1 96 96 96 96-43.1 96-96-43.1-96-96-96zm0 128c-17.7 0-32-14.3-32-32s14.3-32 32-32 32 14.3 32 32-14.3 32-32 32zm-160-16C256 50.1 205.9 0 144 0S32 50.1 32 112v166.5C12.3 303.2 0 334 0 368c0 79.5 64.5 144 144 144s144-64.5 144-144c0-34-12.3-64.9-32-89.5V112zM144 448c-44.1 0-80-35.9-80-80 0-25.5 12.2-48.9 32-63.8V112c0-26.5 21.5-48 48-48s48 21.5 48 48v192.2c19.8 14.8 32 38.3 32 63.8 0 44.1-35.9 80-80 80zm16-125.1V304c0-8.8-7.2-16-16-16s-16 7.2-16 16v18.9c-18.6 6.6-32 24.2-32 45.1 0 26.5 21.5 48 48 48s48-21.5 48-48c0-20.9-13.4-38.5-32-45.1z\"><\/path><\/svg>\t\t\t<\/div>\n\t\t<\/div>\n\t\t\t\t\t\t<\/div>\n\t\t\t\t<\/div>\n\t\t\t\t<div class=\"elementor-element elementor-element-373fc97 elementor-position-inline-start elementor-widget__width-auto elementor-view-default elementor-mobile-position-block-start exad-sticky-section-no exad-glass-effect-no elementor-widget elementor-widget-icon-box\" data-id=\"373fc97\" data-element_type=\"widget\" data-e-type=\"widget\" data-widget_type=\"icon-box.default\">\n\t\t\t\t<div class=\"elementor-widget-container\">\n\t\t\t\t\t\t\t<div class=\"elementor-icon-box-wrapper\">\n\n\t\t\t\t\t\t<div class=\"elementor-icon-box-icon\">\n\t\t\t\t<span  class=\"elementor-icon\">\n\t\t\t\t<svg aria-hidden=\"true\" class=\"e-font-icon-svg e-fas-water\" viewBox=\"0 0 576 512\" xmlns=\"http:\/\/www.w3.org\/2000\/svg\"><path d=\"M562.1 383.9c-21.5-2.4-42.1-10.5-57.9-22.9-14.1-11.1-34.2-11.3-48.2 0-37.9 30.4-107.2 30.4-145.7-1.5-13.5-11.2-33-9.1-46.7 1.8-38 30.1-106.9 30-145.2-1.7-13.5-11.2-33.3-8.9-47.1 2-15.5 12.2-36 20.1-57.7 22.4-7.9.8-13.6 7.8-13.6 15.7v32.2c0 9.1 7.6 16.8 16.7 16 28.8-2.5 56.1-11.4 79.4-25.9 56.5 34.6 137 34.1 192 0 56.5 34.6 137 34.1 192 0 23.3 14.2 50.9 23.3 79.1 25.8 9.1.8 16.7-6.9 16.7-16v-31.6c.1-8-5.7-15.4-13.8-16.3zm0-144c-21.5-2.4-42.1-10.5-57.9-22.9-14.1-11.1-34.2-11.3-48.2 0-37.9 30.4-107.2 30.4-145.7-1.5-13.5-11.2-33-9.1-46.7 1.8-38 30.1-106.9 30-145.2-1.7-13.5-11.2-33.3-8.9-47.1 2-15.5 12.2-36 20.1-57.7 22.4-7.9.8-13.6 7.8-13.6 15.7v32.2c0 9.1 7.6 16.8 16.7 16 28.8-2.5 56.1-11.4 79.4-25.9 56.5 34.6 137 34.1 192 0 56.5 34.6 137 34.1 192 0 23.3 14.2 50.9 23.3 79.1 25.8 9.1.8 16.7-6.9 16.7-16v-31.6c.1-8-5.7-15.4-13.8-16.3zm0-144C540.6 93.4 520 85.4 504.2 73 490.1 61.9 470 61.7 456 73c-37.9 30.4-107.2 30.4-145.7-1.5-13.5-11.2-33-9.1-46.7 1.8-38 30.1-106.9 30-145.2-1.7-13.5-11.2-33.3-8.9-47.1 2-15.5 12.2-36 20.1-57.7 22.4-7.9.8-13.6 7.8-13.6 15.7v32.2c0 9.1 7.6 16.8 16.7 16 28.8-2.5 56.1-11.4 79.4-25.9 56.5 34.6 137 34.1 192 0 56.5 34.6 137 34.1 192 0 23.3 14.2 50.9 23.3 79.1 25.8 9.1.8 16.7-6.9 16.7-16v-31.6c.1-8-5.7-15.4-13.8-16.3z\"><\/path><\/svg>\t\t\t\t<\/span>\n\t\t\t<\/div>\n\t\t\t\n\t\t\t\t\t\t<div class=\"elementor-icon-box-content\">\n\n\t\t\t\t\t\t\t\t\t<h6 class=\"elementor-icon-box-title\">\n\t\t\t\t\t\t<span  >\n\t\t\t\t\t\t\tIntensitat recent de les onades de calor marines al Mediterrani\t\t\t\t\t\t<\/span>\n\t\t\t\t\t<\/h6>\n\t\t\t\t\n\t\t\t\t\n\t\t\t<\/div>\n\t\t\t\n\t\t<\/div>\n\t\t\t\t\t\t<\/div>\n\t\t\t\t<\/div>\n\t\t\t\t<\/div>\n\t\t<div class=\"elementor-element elementor-element-af9405e e-flex e-con-boxed e-con e-parent\" data-id=\"af9405e\" data-element_type=\"container\" data-e-type=\"container\">\n\t\t\t\t\t<div class=\"e-con-inner\">\n\t\t\t\t<div class=\"elementor-element elementor-element-9c5ac84 elementor-widget__width-initial e-n-tabs-mobile exad-sticky-section-no exad-glass-effect-no elementor-widget elementor-widget-n-tabs\" data-id=\"9c5ac84\" data-element_type=\"widget\" data-e-type=\"widget\" data-settings=\"{&quot;tabs_justify_horizontal&quot;:&quot;start&quot;,&quot;horizontal_scroll&quot;:&quot;disable&quot;}\" data-widget_type=\"nested-tabs.default\">\n\t\t\t\t<div class=\"elementor-widget-container\">\n\t\t\t\t\t\t\t<div class=\"e-n-tabs\" data-widget-number=\"163949700\" aria-label=\"Tabs. Open items with Enter or Space, close with Escape and navigate using the Arrow keys.\">\n\t\t\t<div class=\"e-n-tabs-heading\" role=\"tablist\">\n\t\t\t\t\t<button id=\"e-n-tab-title-1639497001\" data-tab-title-id=\"e-n-tab-title-1639497001\" class=\"e-n-tab-title\" aria-selected=\"true\" data-tab-index=\"1\" role=\"tab\" tabindex=\"0\" aria-controls=\"e-n-tab-content-1639497001\" style=\"--n-tabs-title-order: 1;\">\n\t\t\t\t\t\t<span class=\"e-n-tab-title-text\">\n\t\t\t\tNCEI\t\t\t<\/span>\n\t\t<\/button>\n\t\t\t\t\t<\/div>\n\t\t\t<div class=\"e-n-tabs-content\">\n\t\t\t\t<div id=\"e-n-tab-content-1639497001\" role=\"tabpanel\" aria-labelledby=\"e-n-tab-title-1639497001\" data-tab-index=\"1\" style=\"--n-tabs-title-order: 1;\" class=\"e-active elementor-element elementor-element-9393f61 e-con-full e-flex e-con e-child\" data-id=\"9393f61\" data-element_type=\"container\" data-e-type=\"container\">\n\t\t\t\t<div class=\"elementor-element elementor-element-7ddf416 vertical-tabs e-n-tabs-mobile exad-sticky-section-no exad-glass-effect-no elementor-widget elementor-widget-n-tabs\" data-id=\"7ddf416\" data-element_type=\"widget\" data-e-type=\"widget\" data-widget_type=\"nested-tabs.default\">\n\t\t\t\t<div class=\"elementor-widget-container\">\n\t\t\t\t\t\t\t<div class=\"e-n-tabs\" data-widget-number=\"131986454\" aria-label=\"Tabs. Open items with Enter or Space, close with Escape and navigate using the Arrow keys.\">\n\t\t\t<div class=\"e-n-tabs-heading\" role=\"tablist\">\n\t\t\t\t\t<button id=\"e-n-tab-title-1319864541\" data-tab-title-id=\"e-n-tab-title-1319864541\" class=\"e-n-tab-title\" aria-selected=\"true\" data-tab-index=\"1\" role=\"tab\" tabindex=\"0\" aria-controls=\"e-n-tab-content-1319864541\" style=\"--n-tabs-title-order: 1;\">\n\t\t\t\t\t<span class=\"e-n-tab-icon\">\n\t\t\t<i aria-hidden=\"true\" class=\"remixicon ri-arrow-down-s-line\"><\/i>\t\t\t<i aria-hidden=\"true\" class=\"remixicon ri-arrow-right-s-line\"><\/i>\t\t<\/span>\n\t\t\t\t\t<span class=\"e-n-tab-title-text\">\n\t\t\t\tIntensitat di\u00e0ria actual de MHW\t\t\t<\/span>\n\t\t<\/button>\n\t\t\t\t<button id=\"e-n-tab-title-1319864542\" data-tab-title-id=\"e-n-tab-title-1319864542\" class=\"e-n-tab-title\" aria-selected=\"false\" data-tab-index=\"2\" role=\"tab\" tabindex=\"-1\" aria-controls=\"e-n-tab-content-1319864542\" style=\"--n-tabs-title-order: 2;\">\n\t\t\t\t\t<span class=\"e-n-tab-icon\">\n\t\t\t<i aria-hidden=\"true\" class=\"remixicon ri-arrow-down-s-line\"><\/i>\t\t\t<i aria-hidden=\"true\" class=\"remixicon ri-arrow-right-s-line\"><\/i>\t\t<\/span>\n\t\t\t\t\t<span class=\"e-n-tab-title-text\">\n\t\t\t\tDurada actual de MHW\t\t\t<\/span>\n\t\t<\/button>\n\t\t\t\t<button id=\"e-n-tab-title-1319864543\" data-tab-title-id=\"e-n-tab-title-1319864543\" class=\"e-n-tab-title\" aria-selected=\"false\" data-tab-index=\"3\" role=\"tab\" tabindex=\"-1\" aria-controls=\"e-n-tab-content-1319864543\" style=\"--n-tabs-title-order: 3;\">\n\t\t\t\t\t<span class=\"e-n-tab-icon\">\n\t\t\t<i aria-hidden=\"true\" class=\"remixicon ri-arrow-down-s-line\"><\/i>\t\t\t<i aria-hidden=\"true\" class=\"remixicon ri-arrow-right-s-line\"><\/i>\t\t<\/span>\n\t\t\t\t\t<span class=\"e-n-tab-title-text\">\n\t\t\t\tCategoria actual de MHW\t\t\t<\/span>\n\t\t<\/button>\n\t\t\t\t<button id=\"e-n-tab-title-1319864544\" data-tab-title-id=\"e-n-tab-title-1319864544\" class=\"e-n-tab-title\" aria-selected=\"false\" data-tab-index=\"4\" role=\"tab\" tabindex=\"-1\" aria-controls=\"e-n-tab-content-1319864544\" style=\"--n-tabs-title-order: 4;\">\n\t\t\t\t\t<span class=\"e-n-tab-icon\">\n\t\t\t<i aria-hidden=\"true\" class=\"remixicon ri-arrow-down-s-line\"><\/i>\t\t\t<i aria-hidden=\"true\" class=\"remixicon ri-arrow-right-s-line\"><\/i>\t\t<\/span>\n\t\t\t\t\t<span class=\"e-n-tab-title-text\">\n\t\t\t\tMar Mediterrani, mitjana de MHW de l'any passat\t\t\t<\/span>\n\t\t<\/button>\n\t\t\t\t<button id=\"e-n-tab-title-1319864545\" data-tab-title-id=\"e-n-tab-title-1319864545\" class=\"e-n-tab-title\" aria-selected=\"false\" data-tab-index=\"5\" role=\"tab\" tabindex=\"-1\" aria-controls=\"e-n-tab-content-1319864545\" style=\"--n-tabs-title-order: 5;\">\n\t\t\t\t\t<span class=\"e-n-tab-icon\">\n\t\t\t<i aria-hidden=\"true\" class=\"remixicon ri-arrow-down-s-line\"><\/i>\t\t\t<i aria-hidden=\"true\" class=\"remixicon ri-arrow-right-s-line\"><\/i>\t\t<\/span>\n\t\t\t\t\t<span class=\"e-n-tab-title-text\">\n\t\t\t\tMar Balear l'any passat, mitjana MHW \t\t\t<\/span>\n\t\t<\/button>\n\t\t\t\t\t<\/div>\n\t\t\t<div class=\"e-n-tabs-content\">\n\t\t\t\t<div id=\"e-n-tab-content-1319864541\" role=\"tabpanel\" aria-labelledby=\"e-n-tab-title-1319864541\" data-tab-index=\"1\" style=\"--n-tabs-title-order: 1;\" class=\"e-active elementor-element elementor-element-b20130c e-con-full e-flex e-con e-child\" data-id=\"b20130c\" data-element_type=\"container\" data-e-type=\"container\">\n\t\t<div class=\"elementor-element elementor-element-901baab e-con-full e-flex e-con e-child\" data-id=\"901baab\" data-element_type=\"container\" data-e-type=\"container\">\n\t\t\t\t<div class=\"elementor-element elementor-element-d924ab2 elementor-widget__width-initial image-with-fallback exad-sticky-section-no exad-glass-effect-no elementor-widget elementor-widget-image\" data-id=\"d924ab2\" data-element_type=\"widget\" data-e-type=\"widget\" data-widget_type=\"image.default\">\n\t\t\t\t<div class=\"elementor-widget-container\">\n\t\t\t\t\t\t\t\t\t\t\t\t\t\t\t\t<a href=\"https:\/\/medmos.eu\/imagenes\/SST\/NCEI\/MEDMOS-MHW-NCEI-MED-daily-intensity-latest.png\" data-elementor-open-lightbox=\"yes\" data-e-action-hash=\"#elementor-action%3Aaction%3Dlightbox%26settings%3DW10%3D\">\n\t\t\t\t\t\t\t<img decoding=\"async\" src=\"https:\/\/medmos.eu\/imagenes\/SST\/NCEI\/MEDMOS-MHW-NCEI-MED-daily-intensity-latest.png\" title=\"\" alt=\"\" class=\"elementor-animation-grow\" loading=\"lazy\" \/>\t\t\t\t\t\t\t\t<\/a>\n\t\t\t\t\t\t\t\t\t\t\t\t\t\t\t<\/div>\n\t\t\t\t<\/div>\n\t\t\t\t<div class=\"elementor-element elementor-element-490d164 exad-sticky-section-no exad-glass-effect-no elementor-widget elementor-widget-text-editor\" data-id=\"490d164\" data-element_type=\"widget\" data-e-type=\"widget\" data-widget_type=\"text-editor.default\">\n\t\t\t\t<div class=\"elementor-widget-container\">\n\t\t\t\t\t\t\t\t\t<p>Current daily Mediterranean Heat Wave intensity.  Generated using GHRSST Level 4 AVHRR_OI Global Blended Sea Surface Temperature Analysis (GDS2) from NCEI (AVHRR_OI-NCEI-L4-GLOB-v2.1). DOI: 10.5067\/GHAAO-4BC21<\/p>\t\t\t\t\t\t\t\t<\/div>\n\t\t\t\t<\/div>\n\t\t\t\t<div class=\"elementor-element elementor-element-eb18915 exad-sticky-section-no exad-glass-effect-no elementor-widget elementor-widget-heading\" data-id=\"eb18915\" data-element_type=\"widget\" data-e-type=\"widget\" data-widget_type=\"heading.default\">\n\t\t\t\t<div class=\"elementor-widget-container\">\n\t\t\t\t\t<h4 class=\"elementor-heading-title elementor-size-default\"><a href=\"https:\/\/medmos.eu\/imagenes\/SST\/NCEI\/MEDMOS-MHW-NCEI-MED-daily-intensity-latest.png\" download=\"\">Cliqueu aqu\u00ed per descarregar<\/a><\/h4>\t\t\t\t<\/div>\n\t\t\t\t<\/div>\n\t\t\t\t<\/div>\n\t\t\t\t<\/div>\n\t\t<div id=\"e-n-tab-content-1319864542\" role=\"tabpanel\" aria-labelledby=\"e-n-tab-title-1319864542\" data-tab-index=\"2\" style=\"--n-tabs-title-order: 2;\" class=\" elementor-element elementor-element-6b2af89 e-con-full e-flex e-con e-child\" data-id=\"6b2af89\" data-element_type=\"container\" data-e-type=\"container\">\n\t\t<div class=\"elementor-element elementor-element-6cb6200 e-con-full e-flex e-con e-child\" data-id=\"6cb6200\" data-element_type=\"container\" data-e-type=\"container\">\n\t\t\t\t<div class=\"elementor-element elementor-element-add3d75 elementor-widget__width-initial image-with-fallback exad-sticky-section-no exad-glass-effect-no elementor-widget elementor-widget-image\" data-id=\"add3d75\" data-element_type=\"widget\" data-e-type=\"widget\" data-widget_type=\"image.default\">\n\t\t\t\t<div class=\"elementor-widget-container\">\n\t\t\t\t\t\t\t\t\t\t\t\t\t\t\t\t<a href=\"https:\/\/medmos.eu\/imagenes\/SST\/NCEI\/MEDMOS-MHW-NCEI-MED-daily-onada-actual-duracio-latest.png\" data-elementor-open-lightbox=\"yes\" data-e-action-hash=\"#elementor-action%3Aaction%3Dlightbox%26settings%3DW10%3D\">\n\t\t\t\t\t\t\t<img decoding=\"async\" src=\"https:\/\/medmos.eu\/imagenes\/SST\/NCEI\/MEDMOS-MHW-NCEI-MED-daily-onada-actual-duracio-latest.png\" title=\"\" alt=\"\" class=\"elementor-animation-grow\" loading=\"lazy\" \/>\t\t\t\t\t\t\t\t<\/a>\n\t\t\t\t\t\t\t\t\t\t\t\t\t\t\t<\/div>\n\t\t\t\t<\/div>\n\t\t\t\t<div class=\"elementor-element elementor-element-a17c01a exad-sticky-section-no exad-glass-effect-no elementor-widget elementor-widget-text-editor\" data-id=\"a17c01a\" data-element_type=\"widget\" data-e-type=\"widget\" data-widget_type=\"text-editor.default\">\n\t\t\t\t<div class=\"elementor-widget-container\">\n\t\t\t\t\t\t\t\t\t<p>No URL provided.<\/p>\t\t\t\t\t\t\t\t<\/div>\n\t\t\t\t<\/div>\n\t\t\t\t<div class=\"elementor-element elementor-element-2bf8ebd exad-sticky-section-no exad-glass-effect-no elementor-widget elementor-widget-heading\" data-id=\"2bf8ebd\" data-element_type=\"widget\" data-e-type=\"widget\" data-widget_type=\"heading.default\">\n\t\t\t\t<div class=\"elementor-widget-container\">\n\t\t\t\t\t<h4 class=\"elementor-heading-title elementor-size-default\"><a href=\"https:\/\/medmos.eu\/imagenes\/SST\/NCEI\/MEDMOS-MHW-NCEI-MED-daily-onada-actual-duracio-latest.png\" download=\"\">Cliqueu aqu\u00ed per descarregar<\/a><\/h4>\t\t\t\t<\/div>\n\t\t\t\t<\/div>\n\t\t\t\t<\/div>\n\t\t\t\t<\/div>\n\t\t<div id=\"e-n-tab-content-1319864543\" role=\"tabpanel\" aria-labelledby=\"e-n-tab-title-1319864543\" data-tab-index=\"3\" style=\"--n-tabs-title-order: 3;\" class=\" elementor-element elementor-element-c68dcfe e-con-full e-flex e-con e-child\" data-id=\"c68dcfe\" data-element_type=\"container\" data-e-type=\"container\">\n\t\t<div class=\"elementor-element elementor-element-f7d91e2 e-con-full e-flex e-con e-child\" data-id=\"f7d91e2\" data-element_type=\"container\" data-e-type=\"container\">\n\t\t\t\t<div class=\"elementor-element elementor-element-e92da7b elementor-widget__width-initial image-with-fallback exad-sticky-section-no exad-glass-effect-no elementor-widget elementor-widget-image\" data-id=\"e92da7b\" data-element_type=\"widget\" data-e-type=\"widget\" data-widget_type=\"image.default\">\n\t\t\t\t<div class=\"elementor-widget-container\">\n\t\t\t\t\t\t\t\t\t\t\t\t\t\t\t\t<a href=\"https:\/\/medmos.eu\/imagenes\/SST\/NCEI\/MEDMOS-MHW-NCEI-MED-daily-category-latest.png\" data-elementor-open-lightbox=\"yes\" data-e-action-hash=\"#elementor-action%3Aaction%3Dlightbox%26settings%3DW10%3D\">\n\t\t\t\t\t\t\t<img decoding=\"async\" src=\"https:\/\/medmos.eu\/imagenes\/SST\/NCEI\/MEDMOS-MHW-NCEI-MED-daily-category-latest.png\" title=\"\" alt=\"\" class=\"elementor-animation-grow\" loading=\"lazy\" \/>\t\t\t\t\t\t\t\t<\/a>\n\t\t\t\t\t\t\t\t\t\t\t\t\t\t\t<\/div>\n\t\t\t\t<\/div>\n\t\t\t\t<div class=\"elementor-element elementor-element-ea203b1 exad-sticky-section-no exad-glass-effect-no elementor-widget elementor-widget-text-editor\" data-id=\"ea203b1\" data-element_type=\"widget\" data-e-type=\"widget\" data-widget_type=\"text-editor.default\">\n\t\t\t\t<div class=\"elementor-widget-container\">\n\t\t\t\t\t\t\t\t\t<p>No URL provided.<\/p>\t\t\t\t\t\t\t\t<\/div>\n\t\t\t\t<\/div>\n\t\t\t\t<div class=\"elementor-element elementor-element-ccfc5da exad-sticky-section-no exad-glass-effect-no elementor-widget elementor-widget-heading\" data-id=\"ccfc5da\" data-element_type=\"widget\" data-e-type=\"widget\" data-widget_type=\"heading.default\">\n\t\t\t\t<div class=\"elementor-widget-container\">\n\t\t\t\t\t<h4 class=\"elementor-heading-title elementor-size-default\"><a href=\"https:\/\/medmos.eu\/imagenes\/SST\/NCEI\/MEDMOS-MHW-NCEI-MED-daily-category-latest.png\" download=\"\">Cliqueu aqu\u00ed per descarregar<\/a><\/h4>\t\t\t\t<\/div>\n\t\t\t\t<\/div>\n\t\t\t\t<\/div>\n\t\t\t\t<\/div>\n\t\t<div id=\"e-n-tab-content-1319864544\" role=\"tabpanel\" aria-labelledby=\"e-n-tab-title-1319864544\" data-tab-index=\"4\" style=\"--n-tabs-title-order: 4;\" class=\" elementor-element elementor-element-ab90ed2 e-con-full e-flex e-con e-child\" data-id=\"ab90ed2\" data-element_type=\"container\" data-e-type=\"container\">\n\t\t<div class=\"elementor-element elementor-element-219686f e-con-full e-flex e-con e-child\" data-id=\"219686f\" data-element_type=\"container\" data-e-type=\"container\">\n\t\t\t\t<div class=\"elementor-element elementor-element-a253225 elementor-widget__width-initial image-with-fallback exad-sticky-section-no exad-glass-effect-no elementor-widget elementor-widget-image\" data-id=\"a253225\" data-element_type=\"widget\" data-e-type=\"widget\" data-widget_type=\"image.default\">\n\t\t\t\t<div class=\"elementor-widget-container\">\n\t\t\t\t\t\t\t\t\t\t\t\t\t\t\t\t<a href=\"https:\/\/medmos.eu\/imagenes\/SST\/NCEI\/MEDMOS-MHW-NCEI-areaMED-daily-intensity-lastyear-latest.png\" data-elementor-open-lightbox=\"yes\" data-e-action-hash=\"#elementor-action%3Aaction%3Dlightbox%26settings%3DW10%3D\">\n\t\t\t\t\t\t\t<img decoding=\"async\" src=\"https:\/\/medmos.eu\/imagenes\/SST\/NCEI\/MEDMOS-MHW-NCEI-areaMED-daily-intensity-lastyear-latest.png\" title=\"\" alt=\"\" class=\"elementor-animation-grow\" loading=\"lazy\" \/>\t\t\t\t\t\t\t\t<\/a>\n\t\t\t\t\t\t\t\t\t\t\t\t\t\t\t<\/div>\n\t\t\t\t<\/div>\n\t\t\t\t<div class=\"elementor-element elementor-element-de15ac4 exad-sticky-section-no exad-glass-effect-no elementor-widget elementor-widget-text-editor\" data-id=\"de15ac4\" data-element_type=\"widget\" data-e-type=\"widget\" data-widget_type=\"text-editor.default\">\n\t\t\t\t<div class=\"elementor-widget-container\">\n\t\t\t\t\t\t\t\t\t<p>No URL provided.<\/p>\t\t\t\t\t\t\t\t<\/div>\n\t\t\t\t<\/div>\n\t\t\t\t<div class=\"elementor-element elementor-element-22c0c94 exad-sticky-section-no exad-glass-effect-no elementor-widget elementor-widget-heading\" data-id=\"22c0c94\" data-element_type=\"widget\" data-e-type=\"widget\" data-widget_type=\"heading.default\">\n\t\t\t\t<div class=\"elementor-widget-container\">\n\t\t\t\t\t<h4 class=\"elementor-heading-title elementor-size-default\"><a href=\"https:\/\/medmos.eu\/imagenes\/SST\/NCEI\/MEDMOS-MHW-NCEI-areaMED-daily-intensity-lastyear-latest.png\" download=\"\">Cliqueu aqu\u00ed per descarregar<\/a><\/h4>\t\t\t\t<\/div>\n\t\t\t\t<\/div>\n\t\t\t\t<\/div>\n\t\t\t\t<\/div>\n\t\t<div id=\"e-n-tab-content-1319864545\" role=\"tabpanel\" aria-labelledby=\"e-n-tab-title-1319864545\" data-tab-index=\"5\" style=\"--n-tabs-title-order: 5;\" class=\" elementor-element elementor-element-b52e017 e-con-full e-flex e-con e-child\" data-id=\"b52e017\" data-element_type=\"container\" data-e-type=\"container\">\n\t\t<div class=\"elementor-element elementor-element-7816e51 e-con-full e-flex e-con e-child\" data-id=\"7816e51\" data-element_type=\"container\" data-e-type=\"container\">\n\t\t\t\t<div class=\"elementor-element elementor-element-2e6391c elementor-widget__width-initial image-with-fallback exad-sticky-section-no exad-glass-effect-no elementor-widget elementor-widget-image\" data-id=\"2e6391c\" data-element_type=\"widget\" data-e-type=\"widget\" data-widget_type=\"image.default\">\n\t\t\t\t<div class=\"elementor-widget-container\">\n\t\t\t\t\t\t\t\t\t\t\t\t\t\t\t\t<a href=\"https:\/\/medmos.eu\/imagenes\/SST\/NCEI\/MEDMOS-MHW-NCEI-area1-daily-intensity-lastyear-latest.png\" data-elementor-open-lightbox=\"yes\" data-e-action-hash=\"#elementor-action%3Aaction%3Dlightbox%26settings%3DW10%3D\">\n\t\t\t\t\t\t\t<img decoding=\"async\" src=\"https:\/\/medmos.eu\/imagenes\/SST\/NCEI\/MEDMOS-MHW-NCEI-area1-daily-intensity-lastyear-latest.png\" title=\"\" alt=\"\" class=\"elementor-animation-grow\" loading=\"lazy\" \/>\t\t\t\t\t\t\t\t<\/a>\n\t\t\t\t\t\t\t\t\t\t\t\t\t\t\t<\/div>\n\t\t\t\t<\/div>\n\t\t\t\t<div class=\"elementor-element elementor-element-d1a817c exad-sticky-section-no exad-glass-effect-no elementor-widget elementor-widget-text-editor\" data-id=\"d1a817c\" data-element_type=\"widget\" data-e-type=\"widget\" data-widget_type=\"text-editor.default\">\n\t\t\t\t<div class=\"elementor-widget-container\">\n\t\t\t\t\t\t\t\t\t<p>No URL provided.<\/p>\t\t\t\t\t\t\t\t<\/div>\n\t\t\t\t<\/div>\n\t\t\t\t<div class=\"elementor-element elementor-element-2973cef exad-sticky-section-no exad-glass-effect-no elementor-widget elementor-widget-heading\" data-id=\"2973cef\" data-element_type=\"widget\" data-e-type=\"widget\" data-widget_type=\"heading.default\">\n\t\t\t\t<div class=\"elementor-widget-container\">\n\t\t\t\t\t<h4 class=\"elementor-heading-title elementor-size-default\"><a href=\"https:\/\/medmos.eu\/imagenes\/SST\/NCEI\/MEDMOS-MHW-NCEI-area1-daily-intensity-lastyear-latest.png\" download=\"\">Cliqueu aqu\u00ed per descarregar<\/a><\/h4>\t\t\t\t<\/div>\n\t\t\t\t<\/div>\n\t\t\t\t<\/div>\n\t\t\t\t<\/div>\n\t\t\t\t\t<\/div>\n\t\t<\/div>\n\t\t\t\t\t\t<\/div>\n\t\t\t\t<\/div>\n\t\t\t\t<\/div>\n\t\t\t\t\t<\/div>\n\t\t<\/div>\n\t\t\t\t\t\t<\/div>\n\t\t\t\t<\/div>\n\t\t\t\t\t<\/div>\n\t\t\t\t<\/div>\n\t\t\t\t<\/div>\n\t\t","protected":false},"excerpt":{"rendered":"<p>Intensitat recent de les onades de calor marines al Mediterrani NCEI Intensitat di\u00e0ria actual de MHW Durada actual de MHW Categoria actual de MHW Mar Mediterrani, mitjana de MHW de l&#8217;any passat Mar Balear l&#8217;any passat, mitjana MHW Cliqueu aqu\u00ed per descarregar No URL provided. Cliqueu aqu\u00ed per descarregar No URL provided. Cliqueu aqu\u00ed per [&hellip;]<\/p>\n","protected":false},"author":2,"featured_media":0,"parent":1527,"menu_order":0,"comment_status":"closed","ping_status":"closed","template":"elementor_header_footer","meta":{"ocean_post_layout":"","ocean_both_sidebars_style":"","ocean_both_sidebars_content_width":0,"ocean_both_sidebars_sidebars_width":0,"ocean_sidebar":"","ocean_second_sidebar":"","ocean_disable_margins":"enable","ocean_add_body_class":"","ocean_shortcode_before_top_bar":"","ocean_shortcode_after_top_bar":"","ocean_shortcode_before_header":"","ocean_shortcode_after_header":"","ocean_has_shortcode":"","ocean_shortcode_after_title":"","ocean_shortcode_before_footer_widgets":"","ocean_shortcode_after_footer_widgets":"","ocean_shortcode_before_footer_bottom":"","ocean_shortcode_after_footer_bottom":"","ocean_display_top_bar":"default","ocean_display_header":"default","ocean_header_style":"","ocean_center_header_left_menu":"","ocean_custom_header_template":"","ocean_custom_logo":0,"ocean_custom_retina_logo":0,"ocean_custom_logo_max_width":0,"ocean_custom_logo_tablet_max_width":0,"ocean_custom_logo_mobile_max_width":0,"ocean_custom_logo_max_height":0,"ocean_custom_logo_tablet_max_height":0,"ocean_custom_logo_mobile_max_height":0,"ocean_header_custom_menu":"","ocean_menu_typo_font_family":"","ocean_menu_typo_font_subset":"","ocean_menu_typo_font_size":0,"ocean_menu_typo_font_size_tablet":0,"ocean_menu_typo_font_size_mobile":0,"ocean_menu_typo_font_size_unit":"px","ocean_menu_typo_font_weight":"","ocean_menu_typo_font_weight_tablet":"","ocean_menu_typo_font_weight_mobile":"","ocean_menu_typo_transform":"","ocean_menu_typo_transform_tablet":"","ocean_menu_typo_transform_mobile":"","ocean_menu_typo_line_height":0,"ocean_menu_typo_line_height_tablet":0,"ocean_menu_typo_line_height_mobile":0,"ocean_menu_typo_line_height_unit":"","ocean_menu_typo_spacing":0,"ocean_menu_typo_spacing_tablet":0,"ocean_menu_typo_spacing_mobile":0,"ocean_menu_typo_spacing_unit":"","ocean_menu_link_color":"","ocean_menu_link_color_hover":"","ocean_menu_link_color_active":"","ocean_menu_link_background":"","ocean_menu_link_hover_background":"","ocean_menu_link_active_background":"","ocean_menu_social_links_bg":"","ocean_menu_social_hover_links_bg":"","ocean_menu_social_links_color":"","ocean_menu_social_hover_links_color":"","ocean_disable_title":"default","ocean_disable_heading":"default","ocean_post_title":"","ocean_post_subheading":"","ocean_post_title_style":"","ocean_post_title_background_color":"","ocean_post_title_background":0,"ocean_post_title_bg_image_position":"","ocean_post_title_bg_image_attachment":"","ocean_post_title_bg_image_repeat":"","ocean_post_title_bg_image_size":"","ocean_post_title_height":0,"ocean_post_title_bg_overlay":0.5,"ocean_post_title_bg_overlay_color":"","ocean_disable_breadcrumbs":"default","ocean_breadcrumbs_color":"","ocean_breadcrumbs_separator_color":"","ocean_breadcrumbs_links_color":"","ocean_breadcrumbs_links_hover_color":"","ocean_display_footer_widgets":"default","ocean_display_footer_bottom":"default","ocean_custom_footer_template":"","footnotes":""},"class_list":["post-1535","page","type-page","status-publish","hentry","entry"],"_links":{"self":[{"href":"https:\/\/medmos.eu\/va\/wp-json\/wp\/v2\/pages\/1535","targetHints":{"allow":["GET"]}}],"collection":[{"href":"https:\/\/medmos.eu\/va\/wp-json\/wp\/v2\/pages"}],"about":[{"href":"https:\/\/medmos.eu\/va\/wp-json\/wp\/v2\/types\/page"}],"author":[{"embeddable":true,"href":"https:\/\/medmos.eu\/va\/wp-json\/wp\/v2\/users\/2"}],"replies":[{"embeddable":true,"href":"https:\/\/medmos.eu\/va\/wp-json\/wp\/v2\/comments?post=1535"}],"version-history":[{"count":4,"href":"https:\/\/medmos.eu\/va\/wp-json\/wp\/v2\/pages\/1535\/revisions"}],"predecessor-version":[{"id":4209,"href":"https:\/\/medmos.eu\/va\/wp-json\/wp\/v2\/pages\/1535\/revisions\/4209"}],"up":[{"embeddable":true,"href":"https:\/\/medmos.eu\/va\/wp-json\/wp\/v2\/pages\/1527"}],"wp:attachment":[{"href":"https:\/\/medmos.eu\/va\/wp-json\/wp\/v2\/media?parent=1535"}],"curies":[{"name":"wp","href":"https:\/\/api.w.org\/{rel}","templated":true}]}}