{"id":1827,"date":"2025-06-03T12:09:49","date_gmt":"2025-06-03T10:09:49","guid":{"rendered":"https:\/\/medmos.eu\/sobre-mhw\/"},"modified":"2026-01-29T14:21:23","modified_gmt":"2026-01-29T13:21:23","slug":"sobre-mhw","status":"publish","type":"page","link":"https:\/\/medmos.eu\/va\/mhw\/sobre-mhw\/","title":{"rendered":"Sobre MHW"},"content":{"rendered":"\t\t<div data-elementor-type=\"wp-page\" data-elementor-id=\"1827\" class=\"elementor elementor-1827 elementor-1812\" data-elementor-post-type=\"page\">\n\t\t\t\t<div class=\"elementor-element elementor-element-40e9bbd e-flex e-con-boxed e-con e-parent\" data-id=\"40e9bbd\" data-element_type=\"container\" data-e-type=\"container\">\n\t\t\t\t\t<div class=\"e-con-inner\">\n\t\t\t\t<div class=\"elementor-element elementor-element-ed89fdc exad-sticky-section-no exad-glass-effect-no elementor-widget elementor-widget-heading\" data-id=\"ed89fdc\" data-element_type=\"widget\" data-e-type=\"widget\" data-widget_type=\"heading.default\">\n\t\t\t\t<div class=\"elementor-widget-container\">\n\t\t\t\t\t<h1 class=\"elementor-heading-title elementor-size-default\">Qu\u00e8 s\u00f3n les onades de calor marines?<\/h1>\t\t\t\t<\/div>\n\t\t\t\t<\/div>\n\t\t\t\t<div class=\"elementor-element elementor-element-47951ce exad-sticky-section-no exad-glass-effect-no elementor-widget elementor-widget-text-editor\" data-id=\"47951ce\" data-element_type=\"widget\" data-e-type=\"widget\" data-widget_type=\"text-editor.default\">\n\t\t\t\t<div class=\"elementor-widget-container\">\n\t\t\t\t\t\t\t\t\t<p data-start=\"0\" data-end=\"552\"><strong data-start=\"4\" data-end=\"61\">Les onades de calor marines (MHW, per les sigles en angl\u00e8s)<\/strong> s\u00f3n per\u00edodes prolongats de temperatures elevades del mar que es produeixen sobre \u00e0rees oce\u00e0niques extenses. Les MHW poden afectar tant a la superf\u00edcie com a nivells oce\u00e0nics m\u00e9s profunds i es registren a tots els oceans del planeta. A les darreres d\u00e8cades, i en associaci\u00f3 amb l&#8217;escalfament de la temperatura superficial del mar (SST), la seva magnitud i freq\u00fc\u00e8ncia han augmentat, generant impactes perjudicials sobre els ecosistemes, les ind\u00fastries marines i les activitats humanes.<\/p><p data-start=\"554\" data-end=\"911\" data-is-last-node=\"\" data-is-only-node=\"\">El mar Mediterrani \u00e9s una de les regions m\u00e9s afectades per les MHW, ja que ha experimentat un escalfament significatiu de les seves aig\u00fces en les darreres d\u00e8cades. Tant l&#8217;augment de la SST a causa del canvi antropog\u00e8nic a llarg termini com la conseg\u00fcent major freq\u00fc\u00e8ncia de MHW han estat produint efectes devastadors sobre els ecosistemes locals.<\/p>\t\t\t\t\t\t\t\t<\/div>\n\t\t\t\t<\/div>\n\t\t\t\t\t<\/div>\n\t\t\t\t<\/div>\n\t\t<div class=\"elementor-element elementor-element-a6a05c7 e-flex e-con-boxed e-con e-parent\" data-id=\"a6a05c7\" data-element_type=\"container\" data-e-type=\"container\">\n\t\t\t\t\t<div class=\"e-con-inner\">\n\t\t\t\t<div class=\"elementor-element elementor-element-2f231e4 exad-sticky-section-no exad-glass-effect-no elementor-widget elementor-widget-image\" data-id=\"2f231e4\" data-element_type=\"widget\" data-e-type=\"widget\" data-widget_type=\"image.default\">\n\t\t\t\t<div class=\"elementor-widget-container\">\n\t\t\t\t\t\t\t\t\t\t\t\t\t\t\t<img fetchpriority=\"high\" decoding=\"async\" width=\"1024\" height=\"575\" src=\"https:\/\/medmos.eu\/wp-content\/uploads\/2026\/01\/Grafico_MHW_About-1-1024x575.png\" class=\"attachment-large size-large wp-image-3881\" alt=\"\" srcset=\"https:\/\/medmos.eu\/wp-content\/uploads\/2026\/01\/Grafico_MHW_About-1-1024x575.png 1024w, https:\/\/medmos.eu\/wp-content\/uploads\/2026\/01\/Grafico_MHW_About-1-300x168.png 300w, https:\/\/medmos.eu\/wp-content\/uploads\/2026\/01\/Grafico_MHW_About-1-768x431.png 768w, https:\/\/medmos.eu\/wp-content\/uploads\/2026\/01\/Grafico_MHW_About-1-800x450.png 800w, https:\/\/medmos.eu\/wp-content\/uploads\/2026\/01\/Grafico_MHW_About-1-1200x675.png 1200w, https:\/\/medmos.eu\/wp-content\/uploads\/2026\/01\/Grafico_MHW_About-1.png 1203w\" sizes=\"(max-width: 1024px) 100vw, 1024px\" \/>\t\t\t\t\t\t\t\t\t\t\t\t\t\t\t<\/div>\n\t\t\t\t<\/div>\n\t\t\t\t\t<\/div>\n\t\t\t\t<\/div>\n\t\t<div class=\"elementor-element elementor-element-1d6d2c6 e-flex e-con-boxed e-con e-parent\" data-id=\"1d6d2c6\" data-element_type=\"container\" data-e-type=\"container\">\n\t\t\t\t\t<div class=\"e-con-inner\">\n\t\t\t\t<div class=\"elementor-element elementor-element-8246eda exad-sticky-section-no exad-glass-effect-no elementor-widget elementor-widget-text-editor\" data-id=\"8246eda\" data-element_type=\"widget\" data-e-type=\"widget\" data-widget_type=\"text-editor.default\">\n\t\t\t\t<div class=\"elementor-widget-container\">\n\t\t\t\t\t\t\t\t\t<p>Evoluci\u00f3 di\u00e0ria de les onades de calor marines (MHW) l\u2019any 2024 a la mar Mediterr\u00e0nia<\/p>\t\t\t\t\t\t\t\t<\/div>\n\t\t\t\t<\/div>\n\t\t\t\t\t<\/div>\n\t\t\t\t<\/div>\n\t\t<div class=\"elementor-element elementor-element-73e9397 e-flex e-con-boxed e-con e-parent\" data-id=\"73e9397\" data-element_type=\"container\" data-e-type=\"container\">\n\t\t\t\t\t<div class=\"e-con-inner\">\n\t\t\t\t<div class=\"elementor-element elementor-element-70954fe exad-sticky-section-no exad-glass-effect-no elementor-widget elementor-widget-text-editor\" data-id=\"70954fe\" data-element_type=\"widget\" data-e-type=\"widget\" data-widget_type=\"text-editor.default\">\n\t\t\t\t<div class=\"elementor-widget-container\">\n\t\t\t\t\t\t\t\t\t<p>Les onades de calor marines (MHW, per les seues sigles en angl\u00e9s) poden classificar-se en categories en funci\u00f3 de la seua intensitat. En Hobday et al. (2018) es va proposar una convenci\u00f3 de nomenclatura per a les MHW que estableix quatre categories basades en la intensitat m\u00e0xima observada.  <\/p>\t\t\t\t\t\t\t\t<\/div>\n\t\t\t\t<\/div>\n\t\t\t\t\t<\/div>\n\t\t\t\t<\/div>\n\t\t<div class=\"elementor-element elementor-element-24974d4 e-flex e-con-boxed e-con e-parent\" data-id=\"24974d4\" data-element_type=\"container\" data-e-type=\"container\">\n\t\t\t\t\t<div class=\"e-con-inner\">\n\t\t\t\t<div class=\"elementor-element elementor-element-9c837cc exad-sticky-section-no exad-glass-effect-no elementor-widget elementor-widget-text-editor\" data-id=\"9c837cc\" data-element_type=\"widget\" data-e-type=\"widget\" data-widget_type=\"text-editor.default\">\n\t\t\t\t<div class=\"elementor-widget-container\">\n\t\t\t\t\t\t\t\t\t<table style=\"border-collapse: collapse; width: 100%; text-transform: none;\">\n<thead>\n<tr>\n<th style=\"border: 1px solid #000; padding: 8px; width: 30%; font-weight: bold; text-transform: none;\">Categoria<\/th>\n<th style=\"border: 1px solid #000; padding: 8px; width: 70%; font-weight: bold; text-transform: none;\">Descripci\u00f3<\/th>\n<\/tr>\n<\/thead>\n<tbody>\n<tr>\n<td style=\"border: 1px solid #000; padding: 8px; font-weight: bold; text-transform: none;\">I Moderada<\/td>\n<td style=\"border: 1px solid #000; padding: 8px; text-transform: none;\">Onades de calor marines la intensitat m\u00e0xima de les quals no duplica la dist\u00e0ncia entre la climatologia estacional i el valor llindar de detecci\u00f3.<\/td>\n<\/tr>\n<tr>\n<td style=\"border: 1px solid #000; padding: 8px; font-weight: bold; text-transform: none;\">II Forta<\/td>\n<td style=\"border: 1px solid #000; padding: 8px; text-transform: none;\">\nOnades de calor marines la intensitat m\u00e0xima de les quals duplica la dist\u00e0ncia entre la climatologia estacional i el llindar de detecci\u00f3, per\u00f2 no la triplica.<\/td>\n<\/tr>\n<tr>\n<td style=\"border: 1px solid #000; padding: 8px; font-weight: bold; text-transform: none;\">III Severa<\/td>\n<td style=\"border: 1px solid #000; padding: 8px; text-transform: none;\">Onades de calor marines la intensitat m\u00e0xima de les quals triplica la dist\u00e0ncia entre la climatologia estacional i el valor llindar de detecci\u00f3.<\/td>\n<\/tr>\n<tr>\n<td style=\"border: 1px solid #000; padding: 8px; font-weight: bold; text-transform: none;\">IV Extrema<\/td>\n<td style=\"border: 1px solid #000; padding: 8px; text-transform: none;\">\nOnades de calor marines la intensitat m\u00e0xima de les quals \u00e9s quatre vegades o superior a la dist\u00e0ncia entre la climatologia estacional i el valor llindar de detecci\u00f3.\nAquests esdeveniments s\u00f3n actualment poc freq\u00fcents i molt localitzats.<\/td>\n<\/tr>\n<\/tbody>\n<\/table>\t\t\t\t\t\t\t\t<\/div>\n\t\t\t\t<\/div>\n\t\t\t\t\t<\/div>\n\t\t\t\t<\/div>\n\t\t\t\t<\/div>\n\t\t","protected":false},"excerpt":{"rendered":"<p>Qu\u00e8 s\u00f3n les onades de calor marines? Les onades de calor marines (MHW, per les sigles en angl\u00e8s) s\u00f3n per\u00edodes prolongats de temperatures elevades del mar que es produeixen sobre \u00e0rees oce\u00e0niques extenses. Les MHW poden afectar tant a la superf\u00edcie com a nivells oce\u00e0nics m\u00e9s profunds i es registren a tots els oceans del [&hellip;]<\/p>\n","protected":false},"author":1,"featured_media":0,"parent":1527,"menu_order":0,"comment_status":"closed","ping_status":"closed","template":"elementor_header_footer","meta":{"ocean_post_layout":"","ocean_both_sidebars_style":"","ocean_both_sidebars_content_width":0,"ocean_both_sidebars_sidebars_width":0,"ocean_sidebar":"","ocean_second_sidebar":"","ocean_disable_margins":"enable","ocean_add_body_class":"","ocean_shortcode_before_top_bar":"","ocean_shortcode_after_top_bar":"","ocean_shortcode_before_header":"","ocean_shortcode_after_header":"","ocean_has_shortcode":"","ocean_shortcode_after_title":"","ocean_shortcode_before_footer_widgets":"","ocean_shortcode_after_footer_widgets":"","ocean_shortcode_before_footer_bottom":"","ocean_shortcode_after_footer_bottom":"","ocean_display_top_bar":"default","ocean_display_header":"default","ocean_header_style":"","ocean_center_header_left_menu":"","ocean_custom_header_template":"","ocean_custom_logo":0,"ocean_custom_retina_logo":0,"ocean_custom_logo_max_width":0,"ocean_custom_logo_tablet_max_width":0,"ocean_custom_logo_mobile_max_width":0,"ocean_custom_logo_max_height":0,"ocean_custom_logo_tablet_max_height":0,"ocean_custom_logo_mobile_max_height":0,"ocean_header_custom_menu":"","ocean_menu_typo_font_family":"","ocean_menu_typo_font_subset":"","ocean_menu_typo_font_size":0,"ocean_menu_typo_font_size_tablet":0,"ocean_menu_typo_font_size_mobile":0,"ocean_menu_typo_font_size_unit":"px","ocean_menu_typo_font_weight":"","ocean_menu_typo_font_weight_tablet":"","ocean_menu_typo_font_weight_mobile":"","ocean_menu_typo_transform":"","ocean_menu_typo_transform_tablet":"","ocean_menu_typo_transform_mobile":"","ocean_menu_typo_line_height":0,"ocean_menu_typo_line_height_tablet":0,"ocean_menu_typo_line_height_mobile":0,"ocean_menu_typo_line_height_unit":"","ocean_menu_typo_spacing":0,"ocean_menu_typo_spacing_tablet":0,"ocean_menu_typo_spacing_mobile":0,"ocean_menu_typo_spacing_unit":"","ocean_menu_link_color":"","ocean_menu_link_color_hover":"","ocean_menu_link_color_active":"","ocean_menu_link_background":"","ocean_menu_link_hover_background":"","ocean_menu_link_active_background":"","ocean_menu_social_links_bg":"","ocean_menu_social_hover_links_bg":"","ocean_menu_social_links_color":"","ocean_menu_social_hover_links_color":"","ocean_disable_title":"default","ocean_disable_heading":"default","ocean_post_title":"","ocean_post_subheading":"","ocean_post_title_style":"","ocean_post_title_background_color":"","ocean_post_title_background":0,"ocean_post_title_bg_image_position":"","ocean_post_title_bg_image_attachment":"","ocean_post_title_bg_image_repeat":"","ocean_post_title_bg_image_size":"","ocean_post_title_height":0,"ocean_post_title_bg_overlay":0.5,"ocean_post_title_bg_overlay_color":"","ocean_disable_breadcrumbs":"default","ocean_breadcrumbs_color":"","ocean_breadcrumbs_separator_color":"","ocean_breadcrumbs_links_color":"","ocean_breadcrumbs_links_hover_color":"","ocean_display_footer_widgets":"default","ocean_display_footer_bottom":"default","ocean_custom_footer_template":"","footnotes":""},"class_list":["post-1827","page","type-page","status-publish","hentry","entry"],"_links":{"self":[{"href":"https:\/\/medmos.eu\/va\/wp-json\/wp\/v2\/pages\/1827","targetHints":{"allow":["GET"]}}],"collection":[{"href":"https:\/\/medmos.eu\/va\/wp-json\/wp\/v2\/pages"}],"about":[{"href":"https:\/\/medmos.eu\/va\/wp-json\/wp\/v2\/types\/page"}],"author":[{"embeddable":true,"href":"https:\/\/medmos.eu\/va\/wp-json\/wp\/v2\/users\/1"}],"replies":[{"embeddable":true,"href":"https:\/\/medmos.eu\/va\/wp-json\/wp\/v2\/comments?post=1827"}],"version-history":[{"count":6,"href":"https:\/\/medmos.eu\/va\/wp-json\/wp\/v2\/pages\/1827\/revisions"}],"predecessor-version":[{"id":4194,"href":"https:\/\/medmos.eu\/va\/wp-json\/wp\/v2\/pages\/1827\/revisions\/4194"}],"up":[{"embeddable":true,"href":"https:\/\/medmos.eu\/va\/wp-json\/wp\/v2\/pages\/1527"}],"wp:attachment":[{"href":"https:\/\/medmos.eu\/va\/wp-json\/wp\/v2\/media?parent=1827"}],"curies":[{"name":"wp","href":"https:\/\/api.w.org\/{rel}","templated":true}]}}